

{"id":12181,"date":"2020-05-21T14:28:41","date_gmt":"2020-05-21T12:28:41","guid":{"rendered":"http:\/\/www.darksky.ch\/dsx\/?page_id=12181"},"modified":"2025-05-12T15:19:20","modified_gmt":"2025-05-12T13:19:20","slug":"proprietari-di-casa","status":"publish","type":"page","link":"https:\/\/www.darksky.ch\/dss\/it\/agire-adesso\/proprietari-di-casa\/","title":{"rendered":"Proprietari di casa"},"content":{"rendered":"<p>Raccomandazione di <a href=\"http:\/\/darksky.org\" target=\"_blank\" rel=\"noopener noreferrer\">DarkSky International (DarkSky)<\/a>\u00a0 in collaborazione con la <a href=\"https:\/\/www.ies.org\" target=\"_blank\" rel=\"noopener noreferrer\">Societ\u00e0 degli ingegneri in illuminazione (IES)<\/a> del 19 Avrile 2020 per la <a href=\"https:\/\/idsw.darksky.org\" target=\"_blank\" rel=\"noopener noreferrer\">Settimana internationale di Dark Sky<\/a> per<\/p>\n<h1>Un&#8217;illuminazione domestica rispettosa del cielo stellato<\/h1>\n<div class=\"page\" title=\"Page 2\">\n<div class=\"section\">\n<div class=\"layoutArea\">\n<div class=\"column\">\n<p>Cinque regole per proteggere la notte dall&#8217;inquinamento luminoso.<\/p>\n<h2><a href=\"http:\/\/www.darksky.ch\/dss\/wp-content\/uploads\/2020\/05\/1_IDA_Icon_noetig.png\"><img loading=\"lazy\" decoding=\"async\" class=\"size-full wp-image-12124 alignleft\" src=\"http:\/\/www.darksky.ch\/dss\/wp-content\/uploads\/2020\/05\/1_IDA_Icon_noetig.png\" alt=\"\" width=\"150\" height=\"150\" \/><\/a>1 \u2013 L&#8217;illuminazione ha uno scopo chiaro e necessario?<\/h2>\n<div class=\"page\" title=\"Page 4\">\n<div class=\"section\">\n<div class=\"layoutArea\">\n<div class=\"column\">\n<p>La luce permette di orientarsi in sicurezza e aiuta a svolgere le attivit\u00e0. Nell&#8217;esempio qui sotto, la luce illumina solo l&#8217;ingresso della casa e le scale dove serve.<br \/>\nSe pensate che la luce sulla vostra propriet\u00e0 sia inutile o inutilizzata, rimuovetela o rendetela inutilizzabile in modo che non possa essere accesa accidentalmente.<\/p>\n<table style=\"border-collapse: collapse; width: 100%;\">\n<tbody>\n<tr>\n<td style=\"width: 50%;\"><a href=\"http:\/\/www.darksky.ch\/dss\/wp-content\/uploads\/2020\/05\/1-Useful-YES.jpg\"><img loading=\"lazy\" decoding=\"async\" class=\"size-full wp-image-12126 aligncenter\" src=\"http:\/\/www.darksky.ch\/dss\/wp-content\/uploads\/2020\/05\/1-Useful-YES.jpg\" alt=\"\" width=\"1126\" height=\"676\" srcset=\"https:\/\/www.darksky.ch\/dss\/wp-content\/uploads\/2020\/05\/1-Useful-YES.jpg 1126w, https:\/\/www.darksky.ch\/dss\/wp-content\/uploads\/2020\/05\/1-Useful-YES-300x180.jpg 300w, https:\/\/www.darksky.ch\/dss\/wp-content\/uploads\/2020\/05\/1-Useful-YES-1020x612.jpg 1020w\" sizes=\"auto, (max-width: 709px) 85vw, (max-width: 909px) 67vw, (max-width: 1362px) 62vw, 840px\" \/><\/a><\/td>\n<td style=\"width: 50%;\"><a href=\"http:\/\/www.darksky.ch\/dss\/wp-content\/uploads\/2020\/05\/1-Useful-NO.jpg\"><img loading=\"lazy\" decoding=\"async\" class=\"size-full wp-image-12125 aligncenter\" src=\"http:\/\/www.darksky.ch\/dss\/wp-content\/uploads\/2020\/05\/1-Useful-NO.jpg\" alt=\"\" width=\"1126\" height=\"676\" srcset=\"https:\/\/www.darksky.ch\/dss\/wp-content\/uploads\/2020\/05\/1-Useful-NO.jpg 1126w, https:\/\/www.darksky.ch\/dss\/wp-content\/uploads\/2020\/05\/1-Useful-NO-300x180.jpg 300w, https:\/\/www.darksky.ch\/dss\/wp-content\/uploads\/2020\/05\/1-Useful-NO-1020x612.jpg 1020w\" sizes=\"auto, (max-width: 709px) 85vw, (max-width: 909px) 67vw, (max-width: 1362px) 62vw, 840px\" \/><\/a><\/td>\n<\/tr>\n<\/tbody>\n<\/table>\n<h2><a href=\"http:\/\/www.darksky.ch\/dss\/wp-content\/uploads\/2020\/05\/2_IDA_Icon_zielgerichtet.png\"><img loading=\"lazy\" decoding=\"async\" class=\"size-full wp-image-12127 alignleft\" src=\"http:\/\/www.darksky.ch\/dss\/wp-content\/uploads\/2020\/05\/2_IDA_Icon_zielgerichtet.png\" alt=\"\" width=\"150\" height=\"150\" \/><\/a>2 \u2013 La luce va solo dove serve ?<\/h2>\n<div class=\"page\" title=\"Page 4\">\n<div class=\"section\">\n<div class=\"layoutArea\">\n<div class=\"column\">\n<p>Dirigete la luce verso il basso, non verso il cielo, e montate delle schermature in modo che la luce non rischiari oltre l&#8217;area utile.<br \/>\nAll&#8217;altezza degli occhi, la sorgente luminosa deve rimanere orizzontale rispetto alla schermatura o sollevata all&#8217;interno della stessa.<\/p>\n<p>Se la luce dovesse diffondersi oltre l&#8217;area utile, installare schermature adeguate e\/o riallineare l&#8217;apparecchio in modo che la luce non vada oltre l&#8217;area utile. Fare particolare attenzione che la luce diretta non raggiunga il cielo o le propriet\u00e0 vicine.<\/p>\n<table style=\"border-collapse: collapse; width: 100%;\">\n<tbody>\n<tr>\n<td style=\"width: 50%;\"><a href=\"http:\/\/www.darksky.ch\/dss\/wp-content\/uploads\/2020\/05\/2-Targeted-YES.jpg\"><img loading=\"lazy\" decoding=\"async\" class=\"aligncenter size-full wp-image-12129\" src=\"http:\/\/www.darksky.ch\/dss\/wp-content\/uploads\/2020\/05\/2-Targeted-YES.jpg\" alt=\"\" width=\"1126\" height=\"676\" srcset=\"https:\/\/www.darksky.ch\/dss\/wp-content\/uploads\/2020\/05\/2-Targeted-YES.jpg 1126w, https:\/\/www.darksky.ch\/dss\/wp-content\/uploads\/2020\/05\/2-Targeted-YES-300x180.jpg 300w, https:\/\/www.darksky.ch\/dss\/wp-content\/uploads\/2020\/05\/2-Targeted-YES-1020x612.jpg 1020w\" sizes=\"auto, (max-width: 709px) 85vw, (max-width: 909px) 67vw, (max-width: 1362px) 62vw, 840px\" \/><\/a><\/td>\n<td style=\"width: 50%;\"><a href=\"http:\/\/www.darksky.ch\/dss\/wp-content\/uploads\/2020\/05\/2-Targeted-NO.jpg\"><img loading=\"lazy\" decoding=\"async\" class=\"aligncenter size-full wp-image-12128\" src=\"http:\/\/www.darksky.ch\/dss\/wp-content\/uploads\/2020\/05\/2-Targeted-NO.jpg\" alt=\"\" width=\"1126\" height=\"676\" srcset=\"https:\/\/www.darksky.ch\/dss\/wp-content\/uploads\/2020\/05\/2-Targeted-NO.jpg 1126w, https:\/\/www.darksky.ch\/dss\/wp-content\/uploads\/2020\/05\/2-Targeted-NO-300x180.jpg 300w, https:\/\/www.darksky.ch\/dss\/wp-content\/uploads\/2020\/05\/2-Targeted-NO-1020x612.jpg 1020w\" sizes=\"auto, (max-width: 709px) 85vw, (max-width: 909px) 67vw, (max-width: 1362px) 62vw, 840px\" \/><\/a><\/td>\n<\/tr>\n<\/tbody>\n<\/table>\n<p><a href=\"http:\/\/www.darksky.ch\/dss\/wp-content\/uploads\/2020\/05\/3_IDA_Icon_angepasst.png\"><img loading=\"lazy\" decoding=\"async\" class=\"size-full wp-image-12133 alignleft\" src=\"http:\/\/www.darksky.ch\/dss\/wp-content\/uploads\/2020\/05\/3_IDA_Icon_angepasst.png\" alt=\"\" width=\"150\" height=\"150\" \/><\/a><span style=\"font-size: 28px; font-weight: 900;\">3 \u2013 Il flusso luminoso \u00e8 adeguato allo scopo previsto?<\/span><\/p>\n<div class=\"page\" title=\"Page 5\">\n<div class=\"section\">\n<div class=\"layoutArea\">\n<div class=\"column\">\n<p>Utilizzare il pi\u00f9 basso livello di emissione luminosa possibile, sufficiente per l&#8217;attivit\u00e0 prevista. Nella terminologia tecnica, per emissione luminosa si intende il flusso luminoso misurato in lumen. Quindi controllare le sorgenti luminose e utilizzare i valori di lumen pi\u00f9 basso possibile. Una lampadina da 60 Watt (W) del passato corrisponde a circa 800 lumen (lm).<\/p>\n<p>La luce eccessiva pu\u00f2 contribuire all&#8217;abbagliamento, che rende pi\u00f9 difficile vedere le cose con chiarezza. Se trovate l&#8217;emissione di luce intorno alla vostra casa troppo luminosa per lo scopo previsto, considerate la possibilit\u00e0 di passare a una fonte di luce o a una lampada con un valore di lumen inferiore.<\/p>\n<table style=\"border-collapse: collapse; width: 100%;\">\n<tbody>\n<tr>\n<td style=\"width: 50%;\"><a href=\"http:\/\/www.darksky.ch\/dss\/wp-content\/uploads\/2020\/05\/3-LowLightLevel-YES.jpg\"><img loading=\"lazy\" decoding=\"async\" class=\"aligncenter size-full wp-image-12135\" src=\"http:\/\/www.darksky.ch\/dss\/wp-content\/uploads\/2020\/05\/3-LowLightLevel-YES.jpg\" alt=\"\" width=\"1126\" height=\"676\" srcset=\"https:\/\/www.darksky.ch\/dss\/wp-content\/uploads\/2020\/05\/3-LowLightLevel-YES.jpg 1126w, https:\/\/www.darksky.ch\/dss\/wp-content\/uploads\/2020\/05\/3-LowLightLevel-YES-300x180.jpg 300w, https:\/\/www.darksky.ch\/dss\/wp-content\/uploads\/2020\/05\/3-LowLightLevel-YES-1020x612.jpg 1020w\" sizes=\"auto, (max-width: 709px) 85vw, (max-width: 909px) 67vw, (max-width: 1362px) 62vw, 840px\" \/><\/a><\/td>\n<td style=\"width: 50%;\"><a href=\"http:\/\/www.darksky.ch\/dss\/wp-content\/uploads\/2020\/05\/3-LowLightLevel-No.jpg\"><img loading=\"lazy\" decoding=\"async\" class=\"aligncenter size-full wp-image-12134\" src=\"http:\/\/www.darksky.ch\/dss\/wp-content\/uploads\/2020\/05\/3-LowLightLevel-No.jpg\" alt=\"\" width=\"1126\" height=\"676\" srcset=\"https:\/\/www.darksky.ch\/dss\/wp-content\/uploads\/2020\/05\/3-LowLightLevel-No.jpg 1126w, https:\/\/www.darksky.ch\/dss\/wp-content\/uploads\/2020\/05\/3-LowLightLevel-No-300x180.jpg 300w, https:\/\/www.darksky.ch\/dss\/wp-content\/uploads\/2020\/05\/3-LowLightLevel-No-1020x612.jpg 1020w\" sizes=\"auto, (max-width: 709px) 85vw, (max-width: 909px) 67vw, (max-width: 1362px) 62vw, 840px\" \/><\/a><\/td>\n<\/tr>\n<\/tbody>\n<\/table>\n<p><a href=\"http:\/\/www.darksky.ch\/dss\/wp-content\/uploads\/2020\/05\/4_IDA_Icon_geregelt.png\"><img loading=\"lazy\" decoding=\"async\" class=\"size-full wp-image-12138 alignleft\" src=\"http:\/\/www.darksky.ch\/dss\/wp-content\/uploads\/2020\/05\/4_IDA_Icon_geregelt.png\" alt=\"\" width=\"150\" height=\"150\" \/><\/a><span style=\"font-size: 28px; font-weight: 900;\">4 \u2013 La luce pu\u00f2 essere controllata in base alle esigenze?<\/span><\/p>\n<div class=\"page\" title=\"Page 5\">\n<div class=\"section\">\n<div class=\"layoutArea\">\n<div class=\"column\">\n<p>Ogni luce esterna deve essere collegata ad un interruttore della luce, un timer e\/o un sensore di movimento in modo che le luci funzionino solo quando necessario.<\/p>\n<p>Le luci per esterni che non possono essere facilmente azionate con un interruttore della luce devono essere combinate con un interruttore a tempo o un sensore di movimento*. I rilevatori di movimento devono essere impostati su tempi di 5 minuti o meno. Gli interruttori crepuscolari non sono consigliati perch\u00e9 forniscono luce per tutta la notte, anche quando nessuno ne ha bisogno.<\/p>\n<div class=\"page\" title=\"Page 6\">\n<div class=\"section\">\n<div class=\"layoutArea\">\n<div class=\"column\">\n<p>*Accertarsi che il sensore reagisca solo alle persone presenti.<\/p>\n<table style=\"border-collapse: collapse; width: 100%;\">\n<tbody>\n<tr>\n<td style=\"width: 50%;\"><a href=\"http:\/\/www.darksky.ch\/dss\/wp-content\/uploads\/2020\/05\/4-Control-YES.jpg\"><img loading=\"lazy\" decoding=\"async\" class=\"aligncenter size-full wp-image-12140\" src=\"http:\/\/www.darksky.ch\/dss\/wp-content\/uploads\/2020\/05\/4-Control-YES.jpg\" alt=\"\" width=\"1126\" height=\"676\" srcset=\"https:\/\/www.darksky.ch\/dss\/wp-content\/uploads\/2020\/05\/4-Control-YES.jpg 1126w, https:\/\/www.darksky.ch\/dss\/wp-content\/uploads\/2020\/05\/4-Control-YES-300x180.jpg 300w, https:\/\/www.darksky.ch\/dss\/wp-content\/uploads\/2020\/05\/4-Control-YES-1020x612.jpg 1020w\" sizes=\"auto, (max-width: 709px) 85vw, (max-width: 909px) 67vw, (max-width: 1362px) 62vw, 840px\" \/><\/a><\/td>\n<td style=\"width: 50%;\"><a href=\"http:\/\/www.darksky.ch\/dss\/wp-content\/uploads\/2020\/05\/4-Control-NO.jpg\"><img loading=\"lazy\" decoding=\"async\" class=\"aligncenter size-full wp-image-12139\" src=\"http:\/\/www.darksky.ch\/dss\/wp-content\/uploads\/2020\/05\/4-Control-NO.jpg\" alt=\"\" width=\"1126\" height=\"675\" srcset=\"https:\/\/www.darksky.ch\/dss\/wp-content\/uploads\/2020\/05\/4-Control-NO.jpg 1126w, https:\/\/www.darksky.ch\/dss\/wp-content\/uploads\/2020\/05\/4-Control-NO-300x180.jpg 300w, https:\/\/www.darksky.ch\/dss\/wp-content\/uploads\/2020\/05\/4-Control-NO-1020x611.jpg 1020w\" sizes=\"auto, (max-width: 709px) 85vw, (max-width: 909px) 67vw, (max-width: 1362px) 62vw, 840px\" \/><\/a><\/td>\n<\/tr>\n<\/tbody>\n<\/table>\n<p><a href=\"http:\/\/www.darksky.ch\/dss\/wp-content\/uploads\/2020\/05\/5_IDA_Icon_warm.png\"><img loading=\"lazy\" decoding=\"async\" class=\"size-full wp-image-12143 alignleft\" src=\"http:\/\/www.darksky.ch\/dss\/wp-content\/uploads\/2020\/05\/5_IDA_Icon_warm.png\" alt=\"\" width=\"150\" height=\"150\" \/><\/a><span style=\"font-size: 28px; font-weight: 900;\">5 \u2013 La sorgente di luce ha una tonalit\u00e0 di\u00a0 colore calda?<\/span><\/p>\n<div class=\"page\" title=\"Page 6\">\n<div class=\"section\">\n<div class=\"layoutArea\">\n<div class=\"column\">\n<p>La maggior parte delle sorgenti luminose prodotte oggi hanno una specifica Kelvin stampata su di esse. I bassi valori Kelvin (3000 Kelvin o meno) sono chiamati caldi e generalmente producono meno luce blu dannosa rispetto ad alti valori di Kelvin.<br \/>\nPer l&#8217;illuminazione domestica, ci sono buoni prodotti con 2700 Kelvin o inferiori.<\/p>\n<table style=\"border-collapse: collapse; width: 100%;\">\n<tbody>\n<tr>\n<td style=\"width: 50%;\"><a href=\"http:\/\/www.darksky.ch\/dss\/wp-content\/uploads\/2020\/05\/5-Color-YES-.jpg\"><img loading=\"lazy\" decoding=\"async\" class=\"aligncenter size-full wp-image-12145\" src=\"http:\/\/www.darksky.ch\/dss\/wp-content\/uploads\/2020\/05\/5-Color-YES-.jpg\" alt=\"\" width=\"1126\" height=\"676\" srcset=\"https:\/\/www.darksky.ch\/dss\/wp-content\/uploads\/2020\/05\/5-Color-YES-.jpg 1126w, https:\/\/www.darksky.ch\/dss\/wp-content\/uploads\/2020\/05\/5-Color-YES--300x180.jpg 300w, https:\/\/www.darksky.ch\/dss\/wp-content\/uploads\/2020\/05\/5-Color-YES--1020x612.jpg 1020w\" sizes=\"auto, (max-width: 709px) 85vw, (max-width: 909px) 67vw, (max-width: 1362px) 62vw, 840px\" \/><\/a><\/td>\n<td style=\"width: 50%;\"><a href=\"http:\/\/www.darksky.ch\/dss\/wp-content\/uploads\/2020\/05\/5-Color-NO.jpg\"><img loading=\"lazy\" decoding=\"async\" class=\"aligncenter size-full wp-image-12144\" src=\"http:\/\/www.darksky.ch\/dss\/wp-content\/uploads\/2020\/05\/5-Color-NO.jpg\" alt=\"\" width=\"1125\" height=\"676\" srcset=\"https:\/\/www.darksky.ch\/dss\/wp-content\/uploads\/2020\/05\/5-Color-NO.jpg 1125w, https:\/\/www.darksky.ch\/dss\/wp-content\/uploads\/2020\/05\/5-Color-NO-300x180.jpg 300w, https:\/\/www.darksky.ch\/dss\/wp-content\/uploads\/2020\/05\/5-Color-NO-1020x613.jpg 1020w\" sizes=\"auto, (max-width: 709px) 85vw, (max-width: 909px) 67vw, (max-width: 1362px) 62vw, 840px\" \/><\/a><\/td>\n<\/tr>\n<\/tbody>\n<\/table>\n<\/div>\n<\/div>\n<\/div>\n<\/div>\n<\/div>\n<h4>Definizioni<\/h4>\n<h3><a href=\"http:\/\/www.darksky.ch\/dss\/wp-content\/uploads\/2020\/05\/IDA_Icon_Leuchte.png\"><img loading=\"lazy\" decoding=\"async\" class=\"size-full wp-image-12148 alignleft\" src=\"http:\/\/www.darksky.ch\/dss\/wp-content\/uploads\/2020\/05\/IDA_Icon_Leuchte.png\" alt=\"\" width=\"150\" height=\"150\" \/><\/a>Apparecchio di illuminazione:<\/h3>\n<p>Un apparecchio elettrico che produce luce artificiale con una lampada elettrica. Un involucro pu\u00f2 contenere una o pi\u00f9 lampade che sono installate in modo permanente o possono essere sostituite dall&#8217;utente (ad es. lampadine con basi a vite o tubi con basi a innesto).<\/p>\n<\/div>\n<\/div>\n<\/div>\n<\/div>\n<\/div>\n<p><a href=\"http:\/\/www.darksky.ch\/dss\/wp-content\/uploads\/2020\/05\/IDA_Icon_Lampe.png\"><img loading=\"lazy\" decoding=\"async\" class=\"size-full wp-image-12150 alignleft\" src=\"http:\/\/www.darksky.ch\/dss\/wp-content\/uploads\/2020\/05\/IDA_Icon_Lampe.png\" alt=\"\" width=\"150\" height=\"150\" \/><\/a><span style=\"font-size: 23px; font-weight: 900;\">Lampada:<\/span><\/p>\n<div class=\"layoutArea\">\n<div class=\"column\">\n<div class=\"page\" title=\"Page 6\">\n<div class=\"section\">\n<div class=\"layoutArea\">\n<div class=\"page\" title=\"Page 7\">\n<div class=\"section\">\n<div class=\"layoutArea\">\n<div class=\"column\">\n<p>La lampadina o un altro componente della lampada che produce luce. I componenti che generano luce (ad es. LED incorporati) integrati in un alloggiamento o in un modulo sono considerati parte della lampada, ma non sono materiale riflettente che dirige la luce.<\/p>\n<h3><a href=\"http:\/\/www.darksky.ch\/dss\/wp-content\/uploads\/2020\/05\/IDA_Icon_Abschirmung.png\"><img loading=\"lazy\" decoding=\"async\" class=\"size-full wp-image-12151 alignleft\" src=\"http:\/\/www.darksky.ch\/dss\/wp-content\/uploads\/2020\/05\/IDA_Icon_Abschirmung.png\" alt=\"\" width=\"150\" height=\"150\" \/><\/a>Schermatura:<\/h3>\n<div class=\"page\" title=\"Page 7\">\n<div class=\"section\">\n<div class=\"layoutArea\">\n<div class=\"column\">\n<p>Quella parte della lampada che copre e scherma la lampada o le lampade. Un apparecchio d&#8217;illuminazione completamente schermato ha un involucro costruito in modo che nella posizione di montaggio tutta la luce emessa sia irradiata al di sotto del piano orizzontale (piano a 90\u00b0 attraverso il punto pi\u00f9 basso di emissione della luce dell&#8217;apparecchio). La schermatura deve essere tale che la lampada rimanga nascosta all&#8217;interno di essa.<\/p>\n<h3><a href=\"http:\/\/www.darksky.ch\/dss\/wp-content\/uploads\/2020\/05\/IDA_Icon_Farbtemperatur_CCT.png\"><img loading=\"lazy\" decoding=\"async\" class=\"size-full wp-image-12152 alignleft\" src=\"http:\/\/www.darksky.ch\/dss\/wp-content\/uploads\/2020\/05\/IDA_Icon_Farbtemperatur_CCT.png\" alt=\"\" width=\"150\" height=\"150\" \/><\/a>Temperatura del colore correlata (CCT):<\/h3>\n<div class=\"page\" title=\"Page 7\">\n<div class=\"section\">\n<div class=\"layoutArea\">\n<div class=\"column\">\n<p>Misura delle propriet\u00e0 cromatiche della luce prodotta dalle lampade, paragonabile alla temperatura in Kelvin (K) di un radiatore ad incandescenza il cui spettro \u00e8 simile a quello della sorgente luminosa. Pi\u00f9 alta \u00e8 la temperatura di colore in Kelvin, pi\u00f9 la luce appare fredda (pi\u00f9 blu). I valori Kelvin sono tipicamente stampati dai produttori di lampade su schede tecniche, imballaggi o sorgenti luminose a LED):<\/p>\n<h3><a href=\"http:\/\/www.darksky.ch\/dss\/wp-content\/uploads\/2020\/05\/IDA_Icon_Lumen.png\"><img loading=\"lazy\" decoding=\"async\" class=\"size-full wp-image-12154 alignleft\" src=\"http:\/\/www.darksky.ch\/dss\/wp-content\/uploads\/2020\/05\/IDA_Icon_Lumen.png\" alt=\"\" width=\"150\" height=\"150\" \/><\/a>Lumen :<\/h3>\n<div class=\"page\" title=\"Page 7\">\n<div class=\"section\">\n<div class=\"layoutArea\">\n<div class=\"column\">\n<p>L&#8217;unit\u00e0 SI del flusso luminoso corrisponde alla luce emessa da una candela che passa attraverso l&#8217;angolo solido di uno steradiante al secondo. Pi\u00f9 grandi sono i lumen emessi, pi\u00f9 luminosa \u00e8 la fonte di luce che appare a noi umani.<\/p>\n<h3><a href=\"http:\/\/www.darksky.ch\/dss\/wp-content\/uploads\/2020\/05\/IDA_Icon_Aktive_Steuerung.png\"><img loading=\"lazy\" decoding=\"async\" class=\"size-full wp-image-12157 alignleft\" src=\"http:\/\/www.darksky.ch\/dss\/wp-content\/uploads\/2020\/05\/IDA_Icon_Aktive_Steuerung.png\" alt=\"\" width=\"150\" height=\"150\" \/><\/a>Controllo attivo:<\/h3>\n<div class=\"page\" title=\"Page 7\">\n<div class=\"section\">\n<div class=\"layoutArea\">\n<div class=\"column\">\n<p>Qualsiasi circuito elettronico o meccanico collegato alla lampada per consentire il controllo dinamico della durata, dell&#8217;intensit\u00e0, dello spettro o dell&#8217;area illuminata della lampada.<\/p>\n<\/div>\n<\/div>\n<p>&nbsp;<\/p>\n<p>Fonte delle pagine originali con ulteriori consigli e possibilit\u00e0 di certificazione da parte di IDA (in inglese) :<\/p>\n<p>\u00bb <a href=\"https:\/\/darksky.org\/resources\/guides-and-how-tos\/lighting-principles\/\" target=\"_blank\" rel=\"noopener noreferrer\">Dark Sky Friendly Home Lighting Program<\/a><\/p>\n<p>&nbsp;<\/p>\n<\/div>\n<\/div>\n<\/div>\n<\/div>\n<\/div>\n<\/div>\n<\/div>\n<\/div>\n<\/div>\n<\/div>\n<\/div>\n<\/div>\n<\/div>\n<\/div>\n<\/div>\n<\/div>\n<\/div>\n<\/div>\n<\/div>\n<\/div>\n<\/div>\n<\/div>\n<\/div>\n<\/div>\n<\/div>\n<\/div>\n<\/div>\n<\/div>\n<\/div>\n<\/div>\n<\/div>\n<\/div>\n<\/div>\n<\/div>\n<\/div>\n<\/div>\n<\/div>\n<\/div>\n<\/div>\n<\/div>\n<\/div>\n","protected":false},"excerpt":{"rendered":"<p>Raccomandazione di DarkSky International (DarkSky)\u00a0 in collaborazione con la Societ\u00e0 degli ingegneri in illuminazione (IES) del 19 Avrile 2020 per la Settimana internationale di Dark Sky per Un&#8217;illuminazione domestica rispettosa del cielo stellato Cinque regole per proteggere la notte dall&#8217;inquinamento luminoso. 1 \u2013 L&#8217;illuminazione ha uno scopo chiaro e necessario? La luce permette di orientarsi &hellip; <a href=\"https:\/\/www.darksky.ch\/dss\/it\/agire-adesso\/proprietari-di-casa\/\" class=\"more-link\">Continue reading<span class=\"screen-reader-text\"> &#8220;Proprietari di casa&#8221;<\/span><\/a><\/p>\n","protected":false},"author":10,"featured_media":0,"parent":228,"menu_order":7,"comment_status":"closed","ping_status":"closed","template":"","meta":{"_acf_changed":false,"footnotes":""},"class_list":["post-12181","page","type-page","status-publish","hentry"],"acf":[],"_links":{"self":[{"href":"https:\/\/www.darksky.ch\/dss\/it\/wp-json\/wp\/v2\/pages\/12181","targetHints":{"allow":["GET"]}}],"collection":[{"href":"https:\/\/www.darksky.ch\/dss\/it\/wp-json\/wp\/v2\/pages"}],"about":[{"href":"https:\/\/www.darksky.ch\/dss\/it\/wp-json\/wp\/v2\/types\/page"}],"author":[{"embeddable":true,"href":"https:\/\/www.darksky.ch\/dss\/it\/wp-json\/wp\/v2\/users\/10"}],"replies":[{"embeddable":true,"href":"https:\/\/www.darksky.ch\/dss\/it\/wp-json\/wp\/v2\/comments?post=12181"}],"version-history":[{"count":5,"href":"https:\/\/www.darksky.ch\/dss\/it\/wp-json\/wp\/v2\/pages\/12181\/revisions"}],"predecessor-version":[{"id":15494,"href":"https:\/\/www.darksky.ch\/dss\/it\/wp-json\/wp\/v2\/pages\/12181\/revisions\/15494"}],"up":[{"embeddable":true,"href":"https:\/\/www.darksky.ch\/dss\/it\/wp-json\/wp\/v2\/pages\/228"}],"wp:attachment":[{"href":"https:\/\/www.darksky.ch\/dss\/it\/wp-json\/wp\/v2\/media?parent=12181"}],"curies":[{"name":"wp","href":"https:\/\/api.w.org\/{rel}","templated":true}]}}