

{"id":13502,"date":"2023-02-01T09:00:10","date_gmt":"2023-02-01T08:00:10","guid":{"rendered":"https:\/\/www.darksky.ch\/dsx\/?page_id=13502"},"modified":"2025-10-26T13:18:10","modified_gmt":"2025-10-26T12:18:10","slug":"ufficio-direttivo","status":"publish","type":"page","link":"https:\/\/www.darksky.ch\/dss\/it\/darksky-switzerland\/ufficio-direttivo\/","title":{"rendered":"Ufficio Direttivo"},"content":{"rendered":"<figure id=\"attachment_13153\" aria-describedby=\"caption-attachment-13153\" style=\"width: 300px\" class=\"wp-caption alignright\"><a href=\"https:\/\/www.darksky.ch\/dss\/wp-content\/uploads\/2021\/12\/Lukas_Schuler_67_300x300.jpg\"><img loading=\"lazy\" decoding=\"async\" class=\"size-medium wp-image-13153\" src=\"https:\/\/www.darksky.ch\/dss\/wp-content\/uploads\/2021\/12\/Lukas_Schuler_67_300x300-300x300.jpg\" alt=\"\" width=\"300\" height=\"300\" \/><\/a><figcaption id=\"caption-attachment-13153\" class=\"wp-caption-text\">Lukas Schuler<\/figcaption><\/figure>\n<p>Ad interim il nostro presidente Lukas Schuler assume la carica in modo che il comitato possa cercare la nuova presidenza in tutta tranquillit\u00e0. Per lui, DarkSky Switzerland ha la possibilit\u00e0 di dare maggiore coerenza al follow-up dei soci e dei candidati.<\/p>\n<p>Lukas Schuler \u00e8 uno scienziato naturalista e pu\u00f2 fornirvi informazioni competenti su temi come l&#8217;inquinamento luminoso e la prevenzione della luce non necessaria. Parliamone.<\/p>\n<p><span lang=\"FR-CH\">Responsabile dell&#8217;ufficio<\/span>: Lukas Schuler<br \/>\n<span lang=\"FR-CH\">Telefono<\/span>: 044 796 17 70<br \/>\ne-mail: <a href=\"mailto:office@darksky.ch\">office@darksky.ch<\/a><\/p>\n<p>Indirizzo postale:<\/p>\n<p>DarkSky Switzerland<br \/>\nFriedenstrasse 7a<br \/>\n8304 Wallisellen<\/p>\n<p><span lang=\"FR-CH\">Conto postale:<\/span><br \/>\nCH11 0900 0000 8519 0167 2<\/p>\n<p>Pascale Steck ci ha lasciato dopo nove mesi, alla fine di gennaio 2023, su sua richiesta.<br \/>\nOra assumer\u00e0 la direzione del WWF Basilea.<\/p>\n<p>&nbsp;<\/p>\n","protected":false},"excerpt":{"rendered":"<p>Ad interim il nostro presidente Lukas Schuler assume la carica in modo che il comitato possa cercare la nuova presidenza in tutta tranquillit\u00e0. Per lui, DarkSky Switzerland ha la possibilit\u00e0 di dare maggiore coerenza al follow-up dei soci e dei candidati. Lukas Schuler \u00e8 uno scienziato naturalista e pu\u00f2 fornirvi informazioni competenti su temi come &hellip; <a href=\"https:\/\/www.darksky.ch\/dss\/it\/darksky-switzerland\/ufficio-direttivo\/\" class=\"more-link\">Continue reading<span class=\"screen-reader-text\"> &#8220;Ufficio Direttivo&#8221;<\/span><\/a><\/p>\n","protected":false},"author":2,"featured_media":0,"parent":154,"menu_order":1,"comment_status":"closed","ping_status":"closed","template":"","meta":{"_acf_changed":false,"footnotes":""},"class_list":["post-13502","page","type-page","status-publish","hentry"],"acf":[],"_links":{"self":[{"href":"https:\/\/www.darksky.ch\/dss\/it\/wp-json\/wp\/v2\/pages\/13502","targetHints":{"allow":["GET"]}}],"collection":[{"href":"https:\/\/www.darksky.ch\/dss\/it\/wp-json\/wp\/v2\/pages"}],"about":[{"href":"https:\/\/www.darksky.ch\/dss\/it\/wp-json\/wp\/v2\/types\/page"}],"author":[{"embeddable":true,"href":"https:\/\/www.darksky.ch\/dss\/it\/wp-json\/wp\/v2\/users\/2"}],"replies":[{"embeddable":true,"href":"https:\/\/www.darksky.ch\/dss\/it\/wp-json\/wp\/v2\/comments?post=13502"}],"version-history":[{"count":6,"href":"https:\/\/www.darksky.ch\/dss\/it\/wp-json\/wp\/v2\/pages\/13502\/revisions"}],"predecessor-version":[{"id":16347,"href":"https:\/\/www.darksky.ch\/dss\/it\/wp-json\/wp\/v2\/pages\/13502\/revisions\/16347"}],"up":[{"embeddable":true,"href":"https:\/\/www.darksky.ch\/dss\/it\/wp-json\/wp\/v2\/pages\/154"}],"wp:attachment":[{"href":"https:\/\/www.darksky.ch\/dss\/it\/wp-json\/wp\/v2\/media?parent=13502"}],"curies":[{"name":"wp","href":"https:\/\/api.w.org\/{rel}","templated":true}]}}