

{"id":172,"date":"2016-06-17T14:07:44","date_gmt":"2016-06-17T12:07:44","guid":{"rendered":"http:\/\/www.darksky.ch\/dsx\/it\/?page_id=172"},"modified":"2025-12-02T10:42:24","modified_gmt":"2025-12-02T09:42:24","slug":"associati","status":"publish","type":"page","link":"https:\/\/www.darksky.ch\/dss\/it\/darksky-switzerland\/associati\/","title":{"rendered":"Associati"},"content":{"rendered":"<p><strong>Grazie per aver scelto di diventare membro di DarkSky Switzerland.<br \/>\n<\/strong>La tua adesione alla DarkSky Switzerland \u00e8 un investimento per un futuro pi\u00f9 rispettoso della problematica: Inquinamento Luminoso.<br \/>\nCon il tuo contributo dai la possibilit\u00e0 a DarkSky Switzerland di lavorare a favore della prevenzione dell\u2019Inquinamento Luminoso.<\/p>\n<p><em>A proposito: le donazioni alle organizzazioni senza scopo di lucro possono essere dedotte dalle imposte cantonali (AG, AI, AR, BL, GL, NW, OW, SG, SO, UR e ZH)! In altri cantoni l&#8217;esenzione fiscale viene di solito accettata e, se cos\u00ec non fosse, bisognerebbe far notare che DarkSky Switzerland \u00e8 gi\u00e0 riconosciuta come organizzazione senza scopo di lucro in molti cantoni e che ha membri in tutte le parti del Paese (vedi mappa della Svizzera in basso e <a href=\"https:\/\/www.darksky.ch\/dss\/it\/agire-di-propria-iniziativa\/\" target=\"_blank\" rel=\"noopener\">agire di propria iniziativa<\/a>)<\/em><\/p>\n<p>Si prega di riempire il formulario seguente. I campi marcati con un asterisco (*) sono obbligatori.<\/p>\n<p>Fate riferimento agli <a href=\"https:\/\/www.darksky.ch\/dss\/it\/darksky-switzerland\/statuti\/\" target=\"_blank\" rel=\"noopener noreferrer\">statuti <\/a>di DarkSky Switzerland.\u00a0 In caso di problemi per cortesia prendete contatto con il nostro <a href=\"https:\/\/www.darksky.ch\/dss\/it\/darksky-switzerland\/ufficio-direttivo\/\">ufficio centrale<\/a>.<\/p>\n\n<div class=\"wpcf7 no-js\" id=\"wpcf7-f5117-o1\" lang=\"de-DE\" dir=\"ltr\" data-wpcf7-id=\"5117\">\n<div class=\"screen-reader-response\"><p role=\"status\" aria-live=\"polite\" aria-atomic=\"true\"><\/p> <ul><\/ul><\/div>\n<form action=\"\/dss\/it\/wp-json\/wp\/v2\/pages\/172#wpcf7-f5117-o1\" method=\"post\" class=\"wpcf7-form init\" aria-label=\"Kontaktformular\" novalidate=\"novalidate\" data-status=\"init\">\n<fieldset class=\"hidden-fields-container\"><input type=\"hidden\" name=\"_wpcf7\" value=\"5117\" \/><input type=\"hidden\" name=\"_wpcf7_version\" value=\"6.1.5\" \/><input type=\"hidden\" name=\"_wpcf7_locale\" value=\"de_DE\" \/><input type=\"hidden\" name=\"_wpcf7_unit_tag\" value=\"wpcf7-f5117-o1\" \/><input type=\"hidden\" name=\"_wpcf7_container_post\" value=\"0\" \/><input type=\"hidden\" name=\"_wpcf7_posted_data_hash\" value=\"\" \/>\n<\/fieldset>\n<p><span id=\"wpcf7-69e3ddef6968f-wrapper\" class=\"wpcf7-form-control-wrap karsumpel-41-wrap\" style=\"display:none !important; visibility:hidden !important;\"><label for=\"wpcf7-69e3ddef6968f-field\" class=\"hp-message\">Bitte lasse dieses Feld leer.<\/label><input id=\"wpcf7-69e3ddef6968f-field\"  class=\"wpcf7-form-control wpcf7-text quadriga\" type=\"text\" name=\"karsumpel-41\" value=\"\" size=\"40\" tabindex=\"-1\" autocomplete=\"new-password\" \/><\/span>\n<\/p>\n<fieldset>\n\t<legend>Tipo di sottoscrizione\n\t<\/legend>\n\t<p>pregasi scegliere:<br \/>\n<span class=\"wpcf7-form-control-wrap\" data-name=\"radio-685\"><span class=\"wpcf7-form-control wpcf7-radio\"><span class=\"wpcf7-list-item first last\"><input type=\"radio\" name=\"radio-685\" value=\"Socio CHF 50.\u2013 all&#039;anno\" checked=\"checked\" \/><span class=\"wpcf7-list-item-label\">Socio CHF 50.\u2013 all&#039;anno<\/span><\/span><\/span><\/span><br \/>\n<span class=\"wpcf7-form-control-wrap\" data-name=\"radio-685\"><span class=\"wpcf7-form-control wpcf7-radio\"><span class=\"wpcf7-list-item first last\"><input type=\"radio\" name=\"radio-685\" value=\"Socio illuminotecnico CHF 100.\u2013 all&#039;anno\" \/><span class=\"wpcf7-list-item-label\">Socio illuminotecnico CHF 100.\u2013 all&#039;anno<\/span><\/span><\/span><\/span><br \/>\n\u00a0\u00a0\u00a0\u00a0\u00a0\u00a0 (pregasi notare di approvare la seguente modalit\u00e0: <a target='_blank' href='http:\/\/www.darksky.ch\/dss\/wp-content\/uploads\/2016\/08\/Zustimmung_Lichtplaner.pdf'>de<\/a>,<a target='_blank' href='http:\/\/www.darksky.ch\/dss\/wp-content\/uploads\/2017\/02\/Consentement_planificateur-eclairagiste.pdf'>fr<\/a>)<br \/>\n<span class=\"wpcf7-form-control-wrap\" data-name=\"radio-685\"><span class=\"wpcf7-form-control wpcf7-radio\"><span class=\"wpcf7-list-item first last\"><input type=\"radio\" name=\"radio-685\" value=\"Sostenitore da CHF 100.\u2013 all&#039;anno\" \/><span class=\"wpcf7-list-item-label\">Sostenitore da CHF 100.\u2013 all&#039;anno<\/span><\/span><\/span><\/span><br \/>\n<span class=\"wpcf7-form-control-wrap\" data-name=\"radio-685\"><span class=\"wpcf7-form-control wpcf7-radio\"><span class=\"wpcf7-list-item first last\"><input type=\"radio\" name=\"radio-685\" value=\"Membro giovane CHF 25.\u2013 all&#039;anno (fino ai 18 anni)\" \/><span class=\"wpcf7-list-item-label\">Membro giovane CHF 25.\u2013 all&#039;anno (fino ai 18 anni)<\/span><\/span><\/span><\/span><br \/>\n<span class=\"wpcf7-form-control-wrap\" data-name=\"radio-685\"><span class=\"wpcf7-form-control wpcf7-radio\"><span class=\"wpcf7-list-item first last\"><input type=\"radio\" name=\"radio-685\" value=\"Membro collettivo (fino a 20 soci): CHF 100.\u2013 all&#039;anno\" \/><span class=\"wpcf7-list-item-label\">Membro collettivo (fino a 20 soci): CHF 100.\u2013 all&#039;anno<\/span><\/span><\/span><\/span><br \/>\n<span class=\"wpcf7-form-control-wrap\" data-name=\"radio-685\"><span class=\"wpcf7-form-control wpcf7-radio\"><span class=\"wpcf7-list-item first last\"><input type=\"radio\" name=\"radio-685\" value=\"Membro collettivo (da 21 fino a 100 soci) CHF 200.\u2013 all&#039;anno\" \/><span class=\"wpcf7-list-item-label\">Membro collettivo (da 21 fino a 100 soci) CHF 200.\u2013 all&#039;anno<\/span><\/span><\/span><\/span><br \/>\n<span class=\"wpcf7-form-control-wrap\" data-name=\"radio-685\"><span class=\"wpcf7-form-control wpcf7-radio\"><span class=\"wpcf7-list-item first last\"><input type=\"radio\" name=\"radio-685\" value=\"Membro collettivo (pi\u00f9 di 100 soci): CHF 300.\u2013 all&#039;anno\" \/><span class=\"wpcf7-list-item-label\">Membro collettivo (pi\u00f9 di 100 soci): CHF 300.\u2013 all&#039;anno<\/span><\/span><\/span><\/span><br \/>\n<span class=\"wpcf7-form-control-wrap\" data-name=\"radio-685\"><span class=\"wpcf7-form-control wpcf7-radio\"><span class=\"wpcf7-list-item first last\"><input type=\"radio\" name=\"radio-685\" value=\"Comuni (Prezzo in CHF su richiesta), minimo CHF 300.\u2013 all&#039;anno\" \/><span class=\"wpcf7-list-item-label\">Comuni (Prezzo in CHF su richiesta), minimo CHF 300.\u2013 all&#039;anno<\/span><\/span><\/span><\/span>\n\t<\/p>\n\t<p>Dati personali:\n\t<\/p>\n\t<p>Titolo:<br \/>\n<span class=\"wpcf7-form-control-wrap\" data-name=\"radio-688\"><span class=\"wpcf7-form-control wpcf7-radio\"><span class=\"wpcf7-list-item first\"><label><input type=\"radio\" name=\"radio-688\" value=\"Signora\" checked=\"checked\" \/><span class=\"wpcf7-list-item-label\">Signora<\/span><\/label><\/span><span class=\"wpcf7-list-item last\"><label><input type=\"radio\" name=\"radio-688\" value=\"Signor\" \/><span class=\"wpcf7-list-item-label\">Signor<\/span><\/label><\/span><\/span><\/span><br \/>\n<label> Cognome:*<br \/>\n<span class=\"wpcf7-form-control-wrap\" data-name=\"your-name\"><input size=\"40\" maxlength=\"400\" class=\"wpcf7-form-control wpcf7-text\" aria-invalid=\"false\" value=\"\" type=\"text\" name=\"your-name\" \/><\/span> <\/label><br \/>\n<label> Nome:*<br \/>\n<span class=\"wpcf7-form-control-wrap\" data-name=\"your-vorname\"><input size=\"40\" maxlength=\"400\" class=\"wpcf7-form-control wpcf7-text\" aria-invalid=\"false\" value=\"\" type=\"text\" name=\"your-vorname\" \/><\/span> <\/label><br \/>\n<label> Ditta\/Societ\u00e0:<br \/>\n<span class=\"wpcf7-form-control-wrap\" data-name=\"firma-gesellschaft\"><input size=\"40\" maxlength=\"400\" class=\"wpcf7-form-control wpcf7-text\" aria-invalid=\"false\" value=\"\" type=\"text\" name=\"firma-gesellschaft\" \/><\/span> <\/label><br \/>\n<label> Via e numero:*<br \/>\n<span class=\"wpcf7-form-control-wrap\" data-name=\"strasse-nr\"><input size=\"40\" maxlength=\"400\" class=\"wpcf7-form-control wpcf7-text\" aria-invalid=\"false\" value=\"\" type=\"text\" name=\"strasse-nr\" \/><\/span> <\/label><br \/>\n<label> Casella Postale:<br \/>\n<span class=\"wpcf7-form-control-wrap\" data-name=\"postfach\"><input size=\"40\" maxlength=\"400\" class=\"wpcf7-form-control wpcf7-text\" aria-invalid=\"false\" value=\"\" type=\"text\" name=\"postfach\" \/><\/span> <\/label><br \/>\n<label> CAP:*<br \/>\n<span class=\"wpcf7-form-control-wrap\" data-name=\"number-556\"><input class=\"wpcf7-form-control wpcf7-number wpcf7-validates-as-number\" min=\"1000\" max=\"99999\" aria-invalid=\"false\" value=\"\" type=\"number\" name=\"number-556\" \/><\/span> <\/label><br \/>\n<label> Luogo:*<br \/>\n<span class=\"wpcf7-form-control-wrap\" data-name=\"ort\"><input size=\"40\" maxlength=\"400\" class=\"wpcf7-form-control wpcf7-text\" aria-invalid=\"false\" value=\"\" type=\"text\" name=\"ort\" \/><\/span> <\/label><br \/>\n<label> Telefono:<br \/>\n<span class=\"wpcf7-form-control-wrap\" data-name=\"telefon\"><input size=\"40\" maxlength=\"400\" class=\"wpcf7-form-control wpcf7-text\" aria-invalid=\"false\" value=\"\" type=\"text\" name=\"telefon\" \/><\/span> <\/label><br \/>\n<label> E-Mail:*<br \/>\n<span class=\"wpcf7-form-control-wrap\" data-name=\"your-email\"><input size=\"40\" maxlength=\"400\" class=\"wpcf7-form-control wpcf7-email wpcf7-text wpcf7-validates-as-email\" aria-invalid=\"false\" value=\"\" type=\"email\" name=\"your-email\" \/><\/span> <\/label><br \/>\n<label> Data di nascita:<br \/>\n<span class=\"wpcf7-form-control-wrap\" data-name=\"geburtsdatum\"><input size=\"40\" maxlength=\"400\" class=\"wpcf7-form-control wpcf7-text\" aria-invalid=\"false\" value=\"\" type=\"text\" name=\"geburtsdatum\" \/><\/span> <\/label><br \/>\n<label> Commento<br \/>\n<span class=\"wpcf7-form-control-wrap\" data-name=\"mitteilung\"><textarea cols=\"40\" rows=\"5\" maxlength=\"2000\" class=\"wpcf7-form-control wpcf7-textarea\" aria-invalid=\"false\" name=\"mitteilung\"><\/textarea><\/span> <\/label>\n\t<\/p>\n<\/fieldset>\n<fieldset>\n\t<legend>Indirizzo di fatturazione (in caso si voglia regalare l'iscrizione):\n\t<\/legend>\n\t<p>Titolo:<br \/>\n<span class=\"wpcf7-form-control-wrap\" data-name=\"radio-689\"><span class=\"wpcf7-form-control wpcf7-radio\"><span class=\"wpcf7-list-item first\"><label><input type=\"radio\" name=\"radio-689\" value=\"Signora\" checked=\"checked\" \/><span class=\"wpcf7-list-item-label\">Signora<\/span><\/label><\/span><span class=\"wpcf7-list-item last\"><label><input type=\"radio\" name=\"radio-689\" value=\"Signore\" \/><span class=\"wpcf7-list-item-label\">Signore<\/span><\/label><\/span><\/span><\/span><br \/>\n<label> Cognome:<br \/>\n<span class=\"wpcf7-form-control-wrap\" data-name=\"your-name-rechnung\"><input size=\"40\" maxlength=\"400\" class=\"wpcf7-form-control wpcf7-text\" aria-invalid=\"false\" value=\"\" type=\"text\" name=\"your-name-rechnung\" \/><\/span> <\/label><br \/>\n<label> Nome:<br \/>\n<span class=\"wpcf7-form-control-wrap\" data-name=\"your-vorname-rechnung\"><input size=\"40\" maxlength=\"400\" class=\"wpcf7-form-control wpcf7-text\" aria-invalid=\"false\" value=\"\" type=\"text\" name=\"your-vorname-rechnung\" \/><\/span> <\/label><br \/>\n<label> Via e numero:<br \/>\n<span class=\"wpcf7-form-control-wrap\" data-name=\"strasse-nr-rechnung\"><input size=\"40\" maxlength=\"400\" class=\"wpcf7-form-control wpcf7-text\" aria-invalid=\"false\" value=\"\" type=\"text\" name=\"strasse-nr-rechnung\" \/><\/span> <\/label><br \/>\n<label> Casella Postale:<br \/>\n<span class=\"wpcf7-form-control-wrap\" data-name=\"postfach-rechnung\"><input size=\"40\" maxlength=\"400\" class=\"wpcf7-form-control wpcf7-text\" aria-invalid=\"false\" value=\"\" type=\"text\" name=\"postfach-rechnung\" \/><\/span> <\/label><br \/>\n<label> CAP:<br \/>\n<span class=\"wpcf7-form-control-wrap\" data-name=\"number-557\"><input class=\"wpcf7-form-control wpcf7-number wpcf7-validates-as-number\" min=\"1000\" max=\"99999\" aria-invalid=\"false\" value=\"\" type=\"number\" name=\"number-557\" \/><\/span> <\/label><br \/>\n<label> Luogo:<br \/>\n<span class=\"wpcf7-form-control-wrap\" data-name=\"ort-rechnung\"><input size=\"40\" maxlength=\"400\" class=\"wpcf7-form-control wpcf7-text\" aria-invalid=\"false\" value=\"\" type=\"text\" name=\"ort-rechnung\" \/><\/span> <\/label><br \/>\n<label> Telefono:<br \/>\n<span class=\"wpcf7-form-control-wrap\" data-name=\"telefon-rechnung\"><input size=\"40\" maxlength=\"400\" class=\"wpcf7-form-control wpcf7-text\" aria-invalid=\"false\" value=\"\" type=\"text\" name=\"telefon-rechnung\" \/><\/span> <\/label><br \/>\n<label> E-Mail:<br \/>\n<span class=\"wpcf7-form-control-wrap\" data-name=\"your-email-rechnung\"><input size=\"40\" maxlength=\"400\" class=\"wpcf7-form-control wpcf7-email wpcf7-text wpcf7-validates-as-email\" aria-invalid=\"false\" value=\"\" type=\"email\" name=\"your-email-rechnung\" \/><\/span> <\/label>\n\t<\/p>\n<\/fieldset>\n<p><input class=\"wpcf7-form-control wpcf7-submit has-spinner\" type=\"submit\" value=\"Inviare\" \/>\n<\/p><div class=\"wpcf7-response-output\" aria-hidden=\"true\"><\/div>\n<\/form>\n<\/div>\n\n<p>&nbsp;<\/p>\n","protected":false},"excerpt":{"rendered":"<p>Grazie per aver scelto di diventare membro di DarkSky Switzerland. La tua adesione alla DarkSky Switzerland \u00e8 un investimento per un futuro pi\u00f9 rispettoso della problematica: Inquinamento Luminoso. Con il tuo contributo dai la possibilit\u00e0 a DarkSky Switzerland di lavorare a favore della prevenzione dell\u2019Inquinamento Luminoso. A proposito: le donazioni alle organizzazioni senza scopo di &hellip; <a href=\"https:\/\/www.darksky.ch\/dss\/it\/darksky-switzerland\/associati\/\" class=\"more-link\">Continue reading<span class=\"screen-reader-text\"> &#8220;Associati&#8221;<\/span><\/a><\/p>\n","protected":false},"author":10,"featured_media":0,"parent":154,"menu_order":4,"comment_status":"closed","ping_status":"closed","template":"","meta":{"_acf_changed":false,"footnotes":""},"class_list":["post-172","page","type-page","status-publish","hentry"],"acf":[],"_links":{"self":[{"href":"https:\/\/www.darksky.ch\/dss\/it\/wp-json\/wp\/v2\/pages\/172","targetHints":{"allow":["GET"]}}],"collection":[{"href":"https:\/\/www.darksky.ch\/dss\/it\/wp-json\/wp\/v2\/pages"}],"about":[{"href":"https:\/\/www.darksky.ch\/dss\/it\/wp-json\/wp\/v2\/types\/page"}],"author":[{"embeddable":true,"href":"https:\/\/www.darksky.ch\/dss\/it\/wp-json\/wp\/v2\/users\/10"}],"replies":[{"embeddable":true,"href":"https:\/\/www.darksky.ch\/dss\/it\/wp-json\/wp\/v2\/comments?post=172"}],"version-history":[{"count":17,"href":"https:\/\/www.darksky.ch\/dss\/it\/wp-json\/wp\/v2\/pages\/172\/revisions"}],"predecessor-version":[{"id":16489,"href":"https:\/\/www.darksky.ch\/dss\/it\/wp-json\/wp\/v2\/pages\/172\/revisions\/16489"}],"up":[{"embeddable":true,"href":"https:\/\/www.darksky.ch\/dss\/it\/wp-json\/wp\/v2\/pages\/154"}],"wp:attachment":[{"href":"https:\/\/www.darksky.ch\/dss\/it\/wp-json\/wp\/v2\/media?parent=172"}],"curies":[{"name":"wp","href":"https:\/\/api.w.org\/{rel}","templated":true}]}}