

{"id":176,"date":"2016-06-17T14:08:01","date_gmt":"2016-06-17T12:08:01","guid":{"rendered":"http:\/\/www.darksky.ch\/dsx\/it\/?page_id=176"},"modified":"2025-12-02T10:43:03","modified_gmt":"2025-12-02T09:43:03","slug":"donare","status":"publish","type":"page","link":"https:\/\/www.darksky.ch\/dss\/it\/darksky-switzerland\/donare\/","title":{"rendered":"Donare"},"content":{"rendered":"<p>Se non volete associarvi ma volete farci una donazione? Ve ne siamo grati!<\/p>\n<p><em>Potete indirizzare la vostra donazione presso:<\/em><br \/>\n<em>Conto postale<\/em> 85-190167-2<br \/>\nIBAN\u00a0CH1109000000851901672 \u00a0stampato:\u00a0CH11 0900 0000 8519 0167 2<\/p>\n<p><em>Destinatario:<\/em><br \/>\nDarkSky Switzerland, Friedenstrasse 7a, 8304 Wallisellen, Svizzera<\/p>\n<p><em>Oggetto del pagamento:<\/em><br \/>\nDonazione senza adesione<\/p>\n<p>Alcuni dati su nostra spesa:<\/p>\n<ul>\n<li>Il nostra direttrice riceve un modesto compenso per l&#8217;amministrazione e l&#8217;informazione ai privati, alle autorit\u00e0 e au media.<\/li>\n<li>I costi di spedizione, di stampa, le nuove tecniche innovative e le acquisizioni.<\/li>\n<li>Il comitato che lavora come volontari, organizza ogni anno un \u00a0un\u00a0workshop al fine di affrontare le nuove sfide e di fare avanzare i nostri progetti\u00a0e le nostre strategie. Questi weekend sono finanziati dall&#8217;associazione.<\/li>\n<li>Organizziamo annualmente anche l&#8217;assemblea generale e fino a due eventi per anno, che normalmente d&#8217;accesso gratuito.<\/li>\n<li>La Newsletter\u00a0informativa\u00a0viene inviata di norma ad ottobre.\u00a0La stampa, la traduzione di pi\u00f9 lingue, e gli invii ai soci\u00a0hanno un costo.<\/li>\n<li>Gli eventi particolari come la celebrazione del 20 esimo anniversario che ha avuto luogo il 18 novembre, con un premio, rappresenta un costo importante.<\/li>\n<li>La partecipazione a giornate dell&#8217;ambiente e altri eventi a volte comporta spese per la creazione o il ripristino di oggetti (installazioni) che spiegano e illustrano fisicamente le nostre preoccupazioni.<\/li>\n<li>DarkSky Switzerland ha sostenuto e contribuito al finanziamento della commissione della norma SIA 491 .<\/li>\n<li>DarkSky Switzerland ha voluto e ha aiutato nella traduzione della norma SIA 491 in italiano.<\/li>\n<li><em>A proposito: le donazioni alle organizzazioni senza scopo di lucro possono essere dedotte dalle imposte cantonali (AG, AI, AR, BL, GL, NW, OW, SG, SO, UR e ZH)! In altri cantoni l&#8217;esenzione fiscale viene di solito accettata e, se cos\u00ec non fosse, bisognerebbe far notare che DarkSky Switzerland \u00e8 gi\u00e0 riconosciuta come organizzazione senza scopo di lucro in molti cantoni e che ha membri in tutte le parti del Paese (vedi mappa della Svizzera in basso e <a href=\"https:\/\/www.darksky.ch\/dss\/it\/agire-di-propria-iniziativa\/\" target=\"_blank\" rel=\"noopener\">agire di propria iniziativa<\/a>)<\/em><\/li>\n<\/ul>\n<p>Per le spese\u00a0regolari o per altre spese eccezionali nei mesi e anni a venire, la tua donazione \u00e8 benvenuta. Essa pu\u00f2 essere resa pubblica\u00a0(se lo desidera) sulla nostra <a href=\"http:\/\/www.darksky.ch\/dss\/it\/i-nostri-amici\/sponsor-e-sostenitori\/\">pagina dedicata agli sponsor<\/a>.<\/p>\n","protected":false},"excerpt":{"rendered":"<p>Se non volete associarvi ma volete farci una donazione? Ve ne siamo grati! Potete indirizzare la vostra donazione presso: Conto postale 85-190167-2 IBAN\u00a0CH1109000000851901672 \u00a0stampato:\u00a0CH11 0900 0000 8519 0167 2 Destinatario: DarkSky Switzerland, Friedenstrasse 7a, 8304 Wallisellen, Svizzera Oggetto del pagamento: Donazione senza adesione Alcuni dati su nostra spesa: Il nostra direttrice riceve un modesto compenso &hellip; <a href=\"https:\/\/www.darksky.ch\/dss\/it\/darksky-switzerland\/donare\/\" class=\"more-link\">Continue reading<span class=\"screen-reader-text\"> &#8220;Donare&#8221;<\/span><\/a><\/p>\n","protected":false},"author":10,"featured_media":0,"parent":154,"menu_order":6,"comment_status":"closed","ping_status":"closed","template":"","meta":{"_acf_changed":false,"footnotes":""},"class_list":["post-176","page","type-page","status-publish","hentry"],"acf":[],"_links":{"self":[{"href":"https:\/\/www.darksky.ch\/dss\/it\/wp-json\/wp\/v2\/pages\/176","targetHints":{"allow":["GET"]}}],"collection":[{"href":"https:\/\/www.darksky.ch\/dss\/it\/wp-json\/wp\/v2\/pages"}],"about":[{"href":"https:\/\/www.darksky.ch\/dss\/it\/wp-json\/wp\/v2\/types\/page"}],"author":[{"embeddable":true,"href":"https:\/\/www.darksky.ch\/dss\/it\/wp-json\/wp\/v2\/users\/10"}],"replies":[{"embeddable":true,"href":"https:\/\/www.darksky.ch\/dss\/it\/wp-json\/wp\/v2\/comments?post=176"}],"version-history":[{"count":11,"href":"https:\/\/www.darksky.ch\/dss\/it\/wp-json\/wp\/v2\/pages\/176\/revisions"}],"predecessor-version":[{"id":16490,"href":"https:\/\/www.darksky.ch\/dss\/it\/wp-json\/wp\/v2\/pages\/176\/revisions\/16490"}],"up":[{"embeddable":true,"href":"https:\/\/www.darksky.ch\/dss\/it\/wp-json\/wp\/v2\/pages\/154"}],"wp:attachment":[{"href":"https:\/\/www.darksky.ch\/dss\/it\/wp-json\/wp\/v2\/media?parent=176"}],"curies":[{"name":"wp","href":"https:\/\/api.w.org\/{rel}","templated":true}]}}