

{"id":236,"date":"2016-06-16T20:32:06","date_gmt":"2016-06-16T18:32:06","guid":{"rendered":"http:\/\/www.darksky.ch\/dsx\/it\/?page_id=236"},"modified":"2017-02-26T18:07:23","modified_gmt":"2017-02-26T17:07:23","slug":"illuminare-corretamente","status":"publish","type":"page","link":"https:\/\/www.darksky.ch\/dss\/it\/agire-adesso\/illuminare-corretamente\/","title":{"rendered":"Illuminare in modo corretto"},"content":{"rendered":"<p>(secondo la norma SIA 491):<\/p>\n<p>Cominciamo da noi stessi! Abbiamo illuminazioni esterne? Le stiamo progettando? Ecco cinque semplici regole da seguire.<\/p>\n<p>La norma SIA 491 ha come scopo la \u201cprevenzione delle emissioni di luce esterne inutili\u201d, vale a dire la riduzione di quella parte delle emissioni di luce che sono indesiderate, allo scopo di preservare la natura e l\u2019uomo da possibili effetti dannosi della luce.<\/p>\n<p>Le seguenti regole riassumono lo spirito della norma.<\/p>\n<p><a href=\"http:\/\/www.darksky.ch\/dss\/it\/agire-adesso\/illuminare-corretamente\/necessita\/\"><strong>Regola n.1: L\u2019illuminazione \u00e8 davvero necessaria?<\/strong><\/a><\/p>\n<p>Chiediamoci per principio se l\u2019illuminazione esterna sia davvero indispensabile.<\/p>\n<p><a href=\"http:\/\/www.darksky.ch\/dss\/it\/agire-adesso\/illuminare-corretamente\/direzione\/\"><strong>Regola n.2: Illuminare dall&#8217;alto verso il basso.<\/strong><\/a><\/p>\n<p>Illuminiamo dall&#8217;alto verso il basso in modo da impedire alla luce di illuminare l\u2019atmosfera.<\/p>\n<p><a href=\"http:\/\/www.darksky.ch\/dss\/it\/agire-adesso\/illuminare-corretamente\/schermatura\/\"><strong>Regola n.3: Schermare le luci.<\/strong><\/a><\/p>\n<p>Schermiamo le lampade. L\u2019effetto ottimale si raggiunge quando la fonte di luce non \u00e8 visibile.<\/p>\n<p><a href=\"http:\/\/www.darksky.ch\/dss\/it\/agire-adesso\/illuminare-corretamente\/tipo-dilluminazione\/\"><strong>Regola n.4 Adattare l\u2019intensit\u00e0 e il tipo di illuminazione.<\/strong><\/a><\/p>\n<p>Scegliamo l\u2019intensit\u00e0 e il tipo di illuminazione adatti alla situazione.<\/p>\n<p><a href=\"http:\/\/www.darksky.ch\/dss\/it\/agire-adesso\/illuminare-corretamente\/limitazione-temporanea\/\"><strong>Regola n. 5: Limitare la durata dell\u2019illuminazione.<\/strong><\/a><\/p>\n<p>Solo in pochi casi \u00e8 necessario che l\u2019illuminazione resti accesa per tutta la notte. Limitiamo la durata dell\u2019illuminazione al lasso di tempo necessario.<\/p>\n<p>Per stabilire quando un\u2019illuminazione \u00e8 necessaria la norma SIA 491 considera da un lato la quiete notturna come limite temporale e dall&#8217;altro le norme vigenti in materia di illuminazione, sempre attenendosi al principio: <em>il minimo indispensabile e il meno possibile.<\/em><\/p>\n<p>La norma SIA 491 di per s\u00e9 non fissa valori limite per le immissioni di luce (p.es. per l\u2019illuminazione di spazi abitativi). Norme del genere esistono in Germania e in Austria: in Svizzera si discute se sia il caso di adottarne.<\/p>\n<p>Malgrado ci\u00f2, il Tribunale federale si \u00e8 gi\u00e0 espresso a pi\u00f9 riprese a favore di vicini disturbati da eccessi di illuminazione o a favore della natura. (<a href=\"http:\/\/www.darksky.ch\/dss\/it\/agire-adesso\/decisioni-del-tribunale\/\">Sentenze<\/a>)<\/p>\n<p>All&#8217;insegna della prevenzione, le autorit\u00e0 sono tenute a evitare emissioni di luce non necessarie.<\/p>\n","protected":false},"excerpt":{"rendered":"<p>(secondo la norma SIA 491): Cominciamo da noi stessi! Abbiamo illuminazioni esterne? Le stiamo progettando? Ecco cinque semplici regole da seguire. La norma SIA 491 ha come scopo la \u201cprevenzione delle emissioni di luce esterne inutili\u201d, vale a dire la riduzione di quella parte delle emissioni di luce che sono indesiderate, allo scopo di preservare &hellip; <a href=\"https:\/\/www.darksky.ch\/dss\/it\/agire-adesso\/illuminare-corretamente\/\" class=\"more-link\">Continue reading<span class=\"screen-reader-text\"> &#8220;Illuminare in modo corretto&#8221;<\/span><\/a><\/p>\n","protected":false},"author":10,"featured_media":0,"parent":228,"menu_order":0,"comment_status":"closed","ping_status":"closed","template":"","meta":{"_acf_changed":false,"footnotes":""},"class_list":["post-236","page","type-page","status-publish","hentry"],"acf":[],"_links":{"self":[{"href":"https:\/\/www.darksky.ch\/dss\/it\/wp-json\/wp\/v2\/pages\/236","targetHints":{"allow":["GET"]}}],"collection":[{"href":"https:\/\/www.darksky.ch\/dss\/it\/wp-json\/wp\/v2\/pages"}],"about":[{"href":"https:\/\/www.darksky.ch\/dss\/it\/wp-json\/wp\/v2\/types\/page"}],"author":[{"embeddable":true,"href":"https:\/\/www.darksky.ch\/dss\/it\/wp-json\/wp\/v2\/users\/10"}],"replies":[{"embeddable":true,"href":"https:\/\/www.darksky.ch\/dss\/it\/wp-json\/wp\/v2\/comments?post=236"}],"version-history":[{"count":16,"href":"https:\/\/www.darksky.ch\/dss\/it\/wp-json\/wp\/v2\/pages\/236\/revisions"}],"predecessor-version":[{"id":6432,"href":"https:\/\/www.darksky.ch\/dss\/it\/wp-json\/wp\/v2\/pages\/236\/revisions\/6432"}],"up":[{"embeddable":true,"href":"https:\/\/www.darksky.ch\/dss\/it\/wp-json\/wp\/v2\/pages\/228"}],"wp:attachment":[{"href":"https:\/\/www.darksky.ch\/dss\/it\/wp-json\/wp\/v2\/media?parent=236"}],"curies":[{"name":"wp","href":"https:\/\/api.w.org\/{rel}","templated":true}]}}