

{"id":270,"date":"2016-06-16T20:11:33","date_gmt":"2016-06-16T18:11:33","guid":{"rendered":"http:\/\/www.darksky.ch\/dsx\/it\/?page_id=270"},"modified":"2017-02-21T22:14:21","modified_gmt":"2017-02-21T21:14:21","slug":"inquinamento-luminoso","status":"publish","type":"page","link":"https:\/\/www.darksky.ch\/dss\/it\/da-sapere\/inquinamento-luminoso\/","title":{"rendered":"Inquinamento Luminoso"},"content":{"rendered":"<div id=\"c70\" class=\"csc-default\">\n<p class=\"bodytext\">L&#8217;inquinamento luminoso \u00e8 lo schiarimento artificiale del cielo notturno che provoca un\u00a0effetto di disturbo alle persone e alla\u00a0natura.<\/p>\n<p class=\"bodytext\">Il termine inquinamento luminoso \u00e8 una traduzione diretta del termine inglese \u00ablight pollution\u00bb. Si tratta di una forma dell&#8217;inquinamento ambientale riconosciuto, simile ad altri inquinamenti: aria, acqua.<\/p>\n<p class=\"bodytext\">L&#8217;inquinamento luminoso pu\u00f2 essere sostanzialmente limitato rispettando alcune semplici regole, come richiesto dalla norma SIA 491.<\/p>\n<figure id=\"attachment_6402\" aria-describedby=\"caption-attachment-6402\" style=\"width: 450px\" class=\"wp-caption aligncenter\"><a href=\"http:\/\/www.darksky.ch\/dss\/wp-content\/uploads\/2016\/06\/confinidellacitta_italiano.gif\"><img loading=\"lazy\" decoding=\"async\" class=\"wp-image-6402 size-full\" src=\"http:\/\/www.darksky.ch\/dss\/wp-content\/uploads\/2016\/06\/confinidellacitta_italiano.gif\" width=\"450\" height=\"281\" \/><\/a><figcaption id=\"caption-attachment-6402\" class=\"wp-caption-text\">La luce non si ferma ai confini della citt\u00e0. Si estende praticamente senza ostacoli nell&#8217;atmosfera e illumina anche le area pi\u00f9 lontane delle citt\u00e0. (animazione: G. Schwarz)<\/figcaption><\/figure>\n<\/div>\n<div id=\"c70\" class=\"csc-default\">\n<div id=\"c205\" class=\"csc-default\">\n<div class=\"csc-textpic csc-textpic-left csc-textpic-above\">\n<div class=\"csc-textpic-text\">\n<div><strong>L&#8217;inquinamento luminoso mondiale<\/strong><\/div>\n<div>\n<figure id=\"attachment_436\" aria-describedby=\"caption-attachment-436\" style=\"width: 840px\" class=\"wp-caption alignnone\"><img loading=\"lazy\" decoding=\"async\" class=\"size-large wp-image-436\" src=\"http:\/\/www.darksky.ch\/dss\/wp-content\/uploads\/2016\/06\/737848main_earth_night_rotate_lrg_full-1020x574.jpg\" alt=\"NASA Erde bei Nacht\" width=\"840\" height=\"473\" srcset=\"https:\/\/www.darksky.ch\/dss\/wp-content\/uploads\/2016\/06\/737848main_earth_night_rotate_lrg_full-1020x574.jpg 1020w, https:\/\/www.darksky.ch\/dss\/wp-content\/uploads\/2016\/06\/737848main_earth_night_rotate_lrg_full-300x169.jpg 300w, https:\/\/www.darksky.ch\/dss\/wp-content\/uploads\/2016\/06\/737848main_earth_night_rotate_lrg_full-1200x675.jpg 1200w, https:\/\/www.darksky.ch\/dss\/wp-content\/uploads\/2016\/06\/737848main_earth_night_rotate_lrg_full.jpg 1920w\" sizes=\"auto, (max-width: 709px) 85vw, (max-width: 909px) 67vw, (max-width: 1362px) 62vw, 840px\" \/><figcaption id=\"caption-attachment-436\" class=\"wp-caption-text\">NASA\u00a0la terra di notte<\/figcaption><\/figure>\n<\/div>\n<div>\n<p>L&#8217;inquinamento luminoso \u00e8 un fenomeno globale. Le\u00a0composizioni di immagina\u00a0satellitari mostrano quanto esso sia impressionante, come esso sia marcato\u00a0soprattutto nei paesi industrializzati\u00a0e come l&#8217;emissioni di luce illuminino la notte.<\/p>\n<p><strong>L&#8217;inquinamento luminoso in\u00a0Europa<\/strong><\/p>\n<\/div>\n<div>\n<figure id=\"attachment_437\" aria-describedby=\"caption-attachment-437\" style=\"width: 840px\" class=\"wp-caption alignnone\"><img loading=\"lazy\" decoding=\"async\" class=\"size-large wp-image-437\" src=\"http:\/\/www.darksky.ch\/dss\/wp-content\/uploads\/2016\/06\/Falchi_Light_Pollution_Europe_2015-1020x994.jpg\" alt=\"Lichtverschmutzung (Aufhellung des Nachthimmels im Zenit) nach Falchi et al. in Europa, 2015\" width=\"840\" height=\"819\" srcset=\"https:\/\/www.darksky.ch\/dss\/wp-content\/uploads\/2016\/06\/Falchi_Light_Pollution_Europe_2015-1020x994.jpg 1020w, https:\/\/www.darksky.ch\/dss\/wp-content\/uploads\/2016\/06\/Falchi_Light_Pollution_Europe_2015-300x292.jpg 300w, https:\/\/www.darksky.ch\/dss\/wp-content\/uploads\/2016\/06\/Falchi_Light_Pollution_Europe_2015.jpg 1060w\" sizes=\"auto, (max-width: 709px) 85vw, (max-width: 909px) 67vw, (max-width: 1362px) 62vw, 840px\" \/><figcaption id=\"caption-attachment-437\" class=\"wp-caption-text\">L&#8217;inquinamento luminoso\u00a0(L&#8217;illuminazione\u00a0del\u00a0cielo notturno allo\u00a0zenit) da\u00a0Falchi et al. in Europa, 2015<\/figcaption><\/figure>\n<\/div>\n<div>\n<p>L&#8217;immagine in falsi colori dell&#8217;Europa mostra chiaramente come il inquinamento luminoso sia marcato nelle\u00a0principali aree metropolitane. Alcune zone della Spagna risultano avere ancora un\u00a0limitato livello di inquinamento luminoso. Mentre in Gran Bretagna, nei paesi del Benelux, in\u00a0Germania e in\u00a0Italia, l&#8217;emissioni di luce sono molto ben\u00a0visibili.<\/p>\n<p>La Svizzera soffre anche lei di un livello da moderato ad alto di inquinamento luminoso.<\/p>\n<p>Un cielo buio naturale \u00e8 disponibile solo nelle aree nere.<\/p>\n<p><strong>L&#8217;inquinamento luminoso in Svizzera<\/strong><\/p>\n<figure id=\"attachment_441\" aria-describedby=\"caption-attachment-441\" style=\"width: 840px\" class=\"wp-caption alignnone\"><img loading=\"lazy\" decoding=\"async\" class=\"size-large wp-image-441\" src=\"http:\/\/www.darksky.ch\/dss\/wp-content\/uploads\/2016\/06\/CH-artificial-sky-brightness-atlas-2015-1020x721.jpg\" alt=\"Die Aufhellung des Nachthimmels durch Kunstlicht in der Schweiz (Daten vom Weltatlas von Falchi et al.).\" width=\"840\" height=\"594\" srcset=\"https:\/\/www.darksky.ch\/dss\/wp-content\/uploads\/2016\/06\/CH-artificial-sky-brightness-atlas-2015-1020x721.jpg 1020w, https:\/\/www.darksky.ch\/dss\/wp-content\/uploads\/2016\/06\/CH-artificial-sky-brightness-atlas-2015-300x212.jpg 300w, https:\/\/www.darksky.ch\/dss\/wp-content\/uploads\/2016\/06\/CH-artificial-sky-brightness-atlas-2015-1200x848.jpg 1200w\" sizes=\"auto, (max-width: 709px) 85vw, (max-width: 909px) 67vw, (max-width: 1362px) 62vw, 840px\" \/><figcaption id=\"caption-attachment-441\" class=\"wp-caption-text\">L&#8217; illuminazione del cielo notturno causato dalla luce artificiale in Svizzera (dati del atlante mondiale di Falchi et al., rappresentazione di\u00a0Stefano Klett, Dark-Sky Switzerland).<\/figcaption><\/figure>\n<p>Anche la Svizzera, pi\u00f9 di quanto si possa credere, soffre dell&#8217;inquinamento luminoso. Nelle\u00a0montagne il cielo stellato risulta essere davvero migliore che sull&#8217;Altipiano e nelle agglomerazioni cittadine. Tuttavia, in tutta Svizzera non che pi\u00f9 un luogo dove l&#8217;oscurit\u00e0 raggiunge un livello di buio naturale.<\/p>\n<p>Esempi di lettura della mappa: macchie blu nelle Alpi (schiarimento del cielo notturno di 8-16%), colore porpora nel centro citt\u00e0 di Zurigo, Ginevra, Basilea, Losanna e Lugano (schiarimento del cielo notturno di 1020-2050%)!<\/p>\n<p>&nbsp;<\/p>\n<\/div>\n<\/div>\n<\/div>\n<\/div>\n<\/div>\n","protected":false},"excerpt":{"rendered":"<p>L&#8217;inquinamento luminoso \u00e8 lo schiarimento artificiale del cielo notturno che provoca un\u00a0effetto di disturbo alle persone e alla\u00a0natura. Il termine inquinamento luminoso \u00e8 una traduzione diretta del termine inglese \u00ablight pollution\u00bb. Si tratta di una forma dell&#8217;inquinamento ambientale riconosciuto, simile ad altri inquinamenti: aria, acqua. L&#8217;inquinamento luminoso pu\u00f2 essere sostanzialmente limitato rispettando alcune semplici regole, &hellip; <a href=\"https:\/\/www.darksky.ch\/dss\/it\/da-sapere\/inquinamento-luminoso\/\" class=\"more-link\">Continue reading<span class=\"screen-reader-text\"> &#8220;Inquinamento Luminoso&#8221;<\/span><\/a><\/p>\n","protected":false},"author":10,"featured_media":0,"parent":262,"menu_order":1,"comment_status":"closed","ping_status":"closed","template":"","meta":{"_acf_changed":false,"footnotes":""},"class_list":["post-270","page","type-page","status-publish","hentry"],"acf":[],"_links":{"self":[{"href":"https:\/\/www.darksky.ch\/dss\/it\/wp-json\/wp\/v2\/pages\/270","targetHints":{"allow":["GET"]}}],"collection":[{"href":"https:\/\/www.darksky.ch\/dss\/it\/wp-json\/wp\/v2\/pages"}],"about":[{"href":"https:\/\/www.darksky.ch\/dss\/it\/wp-json\/wp\/v2\/types\/page"}],"author":[{"embeddable":true,"href":"https:\/\/www.darksky.ch\/dss\/it\/wp-json\/wp\/v2\/users\/10"}],"replies":[{"embeddable":true,"href":"https:\/\/www.darksky.ch\/dss\/it\/wp-json\/wp\/v2\/comments?post=270"}],"version-history":[{"count":16,"href":"https:\/\/www.darksky.ch\/dss\/it\/wp-json\/wp\/v2\/pages\/270\/revisions"}],"predecessor-version":[{"id":6404,"href":"https:\/\/www.darksky.ch\/dss\/it\/wp-json\/wp\/v2\/pages\/270\/revisions\/6404"}],"up":[{"embeddable":true,"href":"https:\/\/www.darksky.ch\/dss\/it\/wp-json\/wp\/v2\/pages\/262"}],"wp:attachment":[{"href":"https:\/\/www.darksky.ch\/dss\/it\/wp-json\/wp\/v2\/media?parent=270"}],"curies":[{"name":"wp","href":"https:\/\/api.w.org\/{rel}","templated":true}]}}