

{"id":3542,"date":"2016-08-30T16:17:25","date_gmt":"2016-08-30T14:17:25","guid":{"rendered":"http:\/\/www.darksky.ch\/dsx\/it\/?page_id=3542"},"modified":"2017-02-12T21:29:08","modified_gmt":"2017-02-12T20:29:08","slug":"consequenze-dellinquinamento-luminoso","status":"publish","type":"page","link":"https:\/\/www.darksky.ch\/dss\/it\/da-sapere\/consequenze-dellinquinamento-luminoso\/","title":{"rendered":"Le conseguenze  dell&#8217;inquinamento luminoso"},"content":{"rendered":"<p><strong>Le ripercussioni pi\u00f9 importanti dell\u2019Inquinamento Luminoso sono:<\/strong><br \/>\nla luce spazzatura genera il 40% di costi ricorrenti inutili\u00a0problemi con volatili, insetti, e problemi collaterali\u00a0abbagliare = problemi di visibilit\u00e0\u00a0ci stiamo allontanando dall\u2019universo\u00a0problemi pratici per l\u2019astronomia<\/p>\n<h5>Ripercussioni economiche<\/h5>\n<p><span class=\"Apple-style-span\"><a href=\"http:\/\/www.darksky.ch\/dss\/de\/wissen\/auswirkungen-der-lichtverschmutzung\/unnoetiger-strombezug\/\"><img loading=\"lazy\" decoding=\"async\" class=\"wp-image-476 size-full alignright\" src=\"http:\/\/www.darksky.ch\/dss\/wp-content\/uploads\/2016\/08\/stromkosten.gif\" alt=\"Unn\u00f6tige Stromkosten\" width=\"200\" height=\"200\" \/><\/a><\/span>Un aspetto importante \u00e8 quello <strong>Economico<\/strong>. Infatti non dimentichiamo che <strong>noi paghiamo<\/strong> l\u2019energia che sprechiamo. Eliminando quel 30-40% di energia sprecata verso il cielo, riduciamo anche le nostre <strong>spese<\/strong> per l\u2019illuminazione.<\/p>\n<p>E\u2019 vero che talvolta gli impianti rispettosi hanno un costo superiore alla media, ma la differenza di prezzo viene in pochi anni (2-3) ammortizzata per la pi\u00f9 lunga durata, per la ridotta manutenzione e per le migliori prestazioni.<\/p>\n<p>Le esperienze fatte in diverse citt\u00e0 dimostrano che \u00e8 possibile <strong>risparmiare oltre il 40%<\/strong> di energia e quindi anche il corrispondente in soldi.<\/p>\n<h5>Ripercussioni Ecologiche<\/h5>\n<p><a href=\"http:\/\/www.darksky.ch\/dss\/wp-content\/uploads\/2016\/08\/tierwelt.gif\"><img loading=\"lazy\" decoding=\"async\" class=\"size-full wp-image-477 alignright\" src=\"http:\/\/www.darksky.ch\/dss\/wp-content\/uploads\/2016\/08\/tierwelt.gif\" alt=\"tierwelt\" width=\"200\" height=\"200\" \/><\/a><\/p>\n<p>Non molti sanno quali siano le conseguenze ecologiche dell\u2019Inquinamento Luminoso.<\/p>\n<p>Circa 2\/3 degli uccelli migratori si spostano di notte. Per orientarsi utilizzano anche le stelle.<\/p>\n<p>La Stazione Ornitologica Svizzera di Sempach ha sperimentato la reazione degli uccelli in prossimit\u00e0 di fonti di luce artificiali. Sono stati osservati due tipi di reazioni: attrazione e spavento. Nei due casi si ha una conseguente modifica della traiettoria causata da un falso orientamento.<\/p>\n<p><a href=\"http:\/\/www.darksky.ch\/dss\/wp-content\/uploads\/2016\/08\/pflanzenwelt.gif\"><img loading=\"lazy\" decoding=\"async\" class=\"size-full wp-image-473 alignright\" src=\"http:\/\/www.darksky.ch\/dss\/wp-content\/uploads\/2016\/08\/pflanzenwelt.gif\" alt=\"Gestresste Pflanzen\" width=\"200\" height=\"200\" \/><\/a><\/p>\n<p>Anche gli insetti risentono dell\u2019Inquinamento Luminoso. Uno studio del Prof. Dr. Gerhard Esenbeis dimostra la reazione attrattiva degli insetti a fonti luminose artificiali. In una notte di luna nuova si calcola che il cosiddetto \u201cVacuum Cleaner Effect\u201d \u00e8 di circa 400-700 metri; a quella distanza l\u2019insetto viene attratto dalla fonte luminosa, per poi andare a schiantarsi contro il corpo illuminante. A dipendenza della temperatura della lampada il contatto pu\u00f2 essere fatale all\u2019insetto. Si calcola che nella stagione estiva muoiano circa 150 insetti per notte su ogni lampada stradale.<\/p>\n<p><a href=\"http:\/\/www.darksky.ch\/dss\/wp-content\/uploads\/2009\/03\/2009_schlaflos.jpg\"><img loading=\"lazy\" decoding=\"async\" class=\"size-full wp-image-2766 alignright\" src=\"http:\/\/www.darksky.ch\/dss\/wp-content\/uploads\/2009\/03\/2009_schlaflos.jpg\" alt=\"2009_schlaflos\" width=\"240\" height=\"160\" \/><\/a>La morte di miliardi di insetti a causa dai sistemi d\u2019illuminazione mal concepiti non causa solo problemi legati alla biodiversit\u00e0 degli insetti, ma causa anche problemi indiretti a tutto l\u2019ecosistema, quali piante ed altri animali.<\/p>\n<p>Oltre ai problemi dell\u2019effetto della luce non dimentichiamo che l\u2019energia che usiamo per fare funzionare i nostri impianti di illuminazione \u00e8 prodotta bruciando combustibili che, liberando fumi, inquinano l\u2019atmosfera.<\/p>\n<p>E\u2019 logico quindi che, riducendo lo spreco di luce, ridurremmo anche l\u2019inquinamento atmosferico.<\/p>\n<h5>Sicurezza stradale<\/h5>\n<p><a href=\"http:\/\/www.darksky.ch\/dss\/wp-content\/uploads\/2016\/08\/sicherheit.gif\"><img loading=\"lazy\" decoding=\"async\" class=\"size-full wp-image-474 alignright\" src=\"http:\/\/www.darksky.ch\/dss\/wp-content\/uploads\/2016\/08\/sicherheit.gif\" alt=\"Zweifelhafte Sicherheit\" width=\"200\" height=\"200\" \/><\/a><\/p>\n<p>Un altro aspetto da non sottovalutare \u00e8 quello della sicurezza stradale. Oltre al fatto che spesso i lampioni illuminano in modo incorretto la strada, si notano spesso in prossimit\u00e0 delle strade, fari che abbagliano l\u2019automobilista. Questo crea un effetto di acciecamento (a causa del restringimento della pupilla), diminuendo drasticamente la visibilit\u00e0 stradale.<\/p>\n<h5>Ripercussioni Culturali<\/h5>\n<p><a href=\"http:\/\/www.darksky.ch\/dss\/wp-content\/uploads\/2016\/08\/kultur.gif\"><img loading=\"lazy\" decoding=\"async\" class=\"size-full wp-image-472 alignright\" src=\"http:\/\/www.darksky.ch\/dss\/wp-content\/uploads\/2016\/08\/kultur.gif\" alt=\"Kultureller Verlust\" width=\"200\" height=\"200\" \/><\/a><\/p>\n<p>La cultura popolare del cielo \u00e8 ormai ridotta a particolari eventi di tipo astronautico; perdendo il contatto diretto con il cielo l&#8217;uomo si \u00e8 impoverito rispetto alle culture millenarie degli antichi popoli.<\/p>\n<p>\u00c8 grave perch\u00e8 ci isola dall\u2019ambiente in cui viviamo: l\u2019Universo.<\/p>\n<p>E voi quando avete visto l\u2019ultima volta la \u201cVia Lattea\u201d?<\/p>\n<h5>Ripercussioni Scientifiche<\/h5>\n<p>L\u2019effetto pi\u00f9 ovvio dell\u2019Inquinamento Luminoso \u00e8 di carattere <strong>scientifico<\/strong>: la luce dispersa dagli impianti di illuminazione schiarisce il fondo cielo rendendo invisibili gli oggetti pi\u00f9 deboli e la quasi totalit\u00e0 delle stelle, precludendo cos\u00ec qualsiasi osservazione di carattere astronomico.<\/p>\n<p>L\u2019alone luminoso delle citt\u00e0 provoca effetti visibili a chilometri di distanza!!<\/p>\n<p>Per non parlare poi dei disagi causati agli astrofili, costretti a lunghi tragitti per trovare un po\u2019 di cielo buio.<\/p>\n<p>&nbsp;<\/p>\n","protected":false},"excerpt":{"rendered":"<p>Le ripercussioni pi\u00f9 importanti dell\u2019Inquinamento Luminoso sono: la luce spazzatura genera il 40% di costi ricorrenti inutili\u00a0problemi con volatili, insetti, e problemi collaterali\u00a0abbagliare = problemi di visibilit\u00e0\u00a0ci stiamo allontanando dall\u2019universo\u00a0problemi pratici per l\u2019astronomia Ripercussioni economiche Un aspetto importante \u00e8 quello Economico. Infatti non dimentichiamo che noi paghiamo l\u2019energia che sprechiamo. Eliminando quel 30-40% di energia &hellip; <a href=\"https:\/\/www.darksky.ch\/dss\/it\/da-sapere\/consequenze-dellinquinamento-luminoso\/\" class=\"more-link\">Continue reading<span class=\"screen-reader-text\"> &#8220;Le conseguenze  dell&#8217;inquinamento luminoso&#8221;<\/span><\/a><\/p>\n","protected":false},"author":10,"featured_media":0,"parent":262,"menu_order":3,"comment_status":"closed","ping_status":"closed","template":"","meta":{"_acf_changed":false,"footnotes":""},"class_list":["post-3542","page","type-page","status-publish","hentry"],"acf":[],"_links":{"self":[{"href":"https:\/\/www.darksky.ch\/dss\/it\/wp-json\/wp\/v2\/pages\/3542","targetHints":{"allow":["GET"]}}],"collection":[{"href":"https:\/\/www.darksky.ch\/dss\/it\/wp-json\/wp\/v2\/pages"}],"about":[{"href":"https:\/\/www.darksky.ch\/dss\/it\/wp-json\/wp\/v2\/types\/page"}],"author":[{"embeddable":true,"href":"https:\/\/www.darksky.ch\/dss\/it\/wp-json\/wp\/v2\/users\/10"}],"replies":[{"embeddable":true,"href":"https:\/\/www.darksky.ch\/dss\/it\/wp-json\/wp\/v2\/comments?post=3542"}],"version-history":[{"count":9,"href":"https:\/\/www.darksky.ch\/dss\/it\/wp-json\/wp\/v2\/pages\/3542\/revisions"}],"predecessor-version":[{"id":6334,"href":"https:\/\/www.darksky.ch\/dss\/it\/wp-json\/wp\/v2\/pages\/3542\/revisions\/6334"}],"up":[{"embeddable":true,"href":"https:\/\/www.darksky.ch\/dss\/it\/wp-json\/wp\/v2\/pages\/262"}],"wp:attachment":[{"href":"https:\/\/www.darksky.ch\/dss\/it\/wp-json\/wp\/v2\/media?parent=3542"}],"curies":[{"name":"wp","href":"https:\/\/api.w.org\/{rel}","templated":true}]}}