

{"id":448,"date":"2016-08-30T15:21:26","date_gmt":"2016-08-30T13:21:26","guid":{"rendered":"http:\/\/www.darksky.ch\/dsx\/it\/?page_id=448"},"modified":"2025-05-12T11:16:08","modified_gmt":"2025-05-12T09:16:08","slug":"la-notte-ha-bisogno-del-suo-buio","status":"publish","type":"page","link":"https:\/\/www.darksky.ch\/dss\/it\/da-sapere\/la-notte-ha-bisogno-del-suo-buio\/","title":{"rendered":"La notte ha bisogno del suo buio"},"content":{"rendered":"<p>L&#8217;attuale flyer di DarkSky Switzerland porta per buone ragioni questo titolo.<\/p>\n<p><a href=\"http:\/\/www.darksky.ch\/dss\/wp-content\/uploads\/2016\/08\/2015_Flyer_Dark-Sky_Switzerland_it_preview.pdf\"><img loading=\"lazy\" decoding=\"async\" class=\"aligncenter wp-image-6300 size-large\" src=\"http:\/\/www.darksky.ch\/dss\/wp-content\/uploads\/2017\/01\/2015_Flyer_Dark-Sky_Switzerland_it_preview-1020x274.png\" alt=\"2015_flyer_dark-sky_switzerland_it_preview\" width=\"840\" height=\"226\" srcset=\"https:\/\/www.darksky.ch\/dss\/wp-content\/uploads\/2017\/01\/2015_Flyer_Dark-Sky_Switzerland_it_preview-1020x274.png 1020w, https:\/\/www.darksky.ch\/dss\/wp-content\/uploads\/2017\/01\/2015_Flyer_Dark-Sky_Switzerland_it_preview-300x81.png 300w, https:\/\/www.darksky.ch\/dss\/wp-content\/uploads\/2017\/01\/2015_Flyer_Dark-Sky_Switzerland_it_preview.png 1200w\" sizes=\"auto, (max-width: 709px) 85vw, (max-width: 909px) 67vw, (max-width: 1362px) 62vw, 840px\" \/><\/a><\/p>\n<p class=\"bodytext\">Il\u00a0<b><a href=\"http:\/\/www.darksky.ch\/dss\/wp-content\/uploads\/2016\/08\/2015_Flyer_Dark-Sky_Switzerland_it_preview.pdf\" target=\"_blank\" rel=\"noopener noreferrer\">flyer di DarkSky<\/a><\/b>\u00a0\u00e8 gi\u00e0 stato distribuito in alcuni comuni della Svizzera.<\/p>\n<p class=\"bodytext\">Associazioni \u00e8 organizzazioni che desiderano far conoscere l&#8217;argomento possono richiedere gratuitamente alcuni esemplari (max. 100).<\/p>\n<p class=\"bodytext\">Comuni o aziende elettriche che lo richiedono, possono ordinarli\u00a0a prezzo di costo (se lo si desidera \u00a0on l&#8217;impressione del proprio logo) presso Dark-Sky Switzerland.<\/p>\n<p class=\"bodytext\">\n","protected":false},"excerpt":{"rendered":"<p>L&#8217;attuale flyer di DarkSky Switzerland porta per buone ragioni questo titolo. Il\u00a0flyer di DarkSky\u00a0\u00e8 gi\u00e0 stato distribuito in alcuni comuni della Svizzera. Associazioni \u00e8 organizzazioni che desiderano far conoscere l&#8217;argomento possono richiedere gratuitamente alcuni esemplari (max. 100). Comuni o aziende elettriche che lo richiedono, possono ordinarli\u00a0a prezzo di costo (se lo si desidera \u00a0on l&#8217;impressione &hellip; <a href=\"https:\/\/www.darksky.ch\/dss\/it\/da-sapere\/la-notte-ha-bisogno-del-suo-buio\/\" class=\"more-link\">Continue reading<span class=\"screen-reader-text\"> &#8220;La notte ha bisogno del suo buio&#8221;<\/span><\/a><\/p>\n","protected":false},"author":10,"featured_media":0,"parent":262,"menu_order":4,"comment_status":"closed","ping_status":"closed","template":"","meta":{"_acf_changed":false,"footnotes":""},"class_list":["post-448","page","type-page","status-publish","hentry"],"acf":[],"_links":{"self":[{"href":"https:\/\/www.darksky.ch\/dss\/it\/wp-json\/wp\/v2\/pages\/448","targetHints":{"allow":["GET"]}}],"collection":[{"href":"https:\/\/www.darksky.ch\/dss\/it\/wp-json\/wp\/v2\/pages"}],"about":[{"href":"https:\/\/www.darksky.ch\/dss\/it\/wp-json\/wp\/v2\/types\/page"}],"author":[{"embeddable":true,"href":"https:\/\/www.darksky.ch\/dss\/it\/wp-json\/wp\/v2\/users\/10"}],"replies":[{"embeddable":true,"href":"https:\/\/www.darksky.ch\/dss\/it\/wp-json\/wp\/v2\/comments?post=448"}],"version-history":[{"count":11,"href":"https:\/\/www.darksky.ch\/dss\/it\/wp-json\/wp\/v2\/pages\/448\/revisions"}],"predecessor-version":[{"id":15355,"href":"https:\/\/www.darksky.ch\/dss\/it\/wp-json\/wp\/v2\/pages\/448\/revisions\/15355"}],"up":[{"embeddable":true,"href":"https:\/\/www.darksky.ch\/dss\/it\/wp-json\/wp\/v2\/pages\/262"}],"wp:attachment":[{"href":"https:\/\/www.darksky.ch\/dss\/it\/wp-json\/wp\/v2\/media?parent=448"}],"curies":[{"name":"wp","href":"https:\/\/api.w.org\/{rel}","templated":true}]}}