

{"id":4915,"date":"2016-08-31T11:56:49","date_gmt":"2016-08-31T09:56:49","guid":{"rendered":"http:\/\/www.darksky.ch\/dsx\/it\/?page_id=4915"},"modified":"2017-02-26T18:16:55","modified_gmt":"2017-02-26T17:16:55","slug":"limitazione-temporanea","status":"publish","type":"page","link":"https:\/\/www.darksky.ch\/dss\/it\/agire-adesso\/illuminare-corretamente\/limitazione-temporanea\/","title":{"rendered":"Limitazione temporanea"},"content":{"rendered":"<p>&nbsp;<\/p>\n<p><img loading=\"lazy\" decoding=\"async\" class=\"alignleft size-full wp-image-563\" src=\"http:\/\/www.darksky.ch\/dss\/wp-content\/uploads\/2016\/08\/zeitraum.gif\" alt=\"zeitraum\" width=\"300\" height=\"225\" \/><strong>Installare degli orologi temporizzatori<\/strong><\/p>\n<p>\u00c8 pure importante valutare se si vuole illuminare per tutta la notte o si vuole limitare le emissioni agli orari necessari. Con una spesa minima di un timer o di un sensore di prossimit\u00e0 si pu\u00f2 limitare drasticamente le emissioni di luce. In alcuni casi \u00e8 assolutamente inutile illuminare tutta la notte per 365 giorni all\u2019anno.<\/p>\n<p>Esempio: nel caso si voglia illuminare per scopi di sicurezza, con una minima spesa si pu\u00f2 installare dei sensori a raggi infrarossi che accendono le lampade solo all&#8217;avvicinarsi di una persona.<\/p>\n<p>&nbsp;<\/p>\n<p>&nbsp;<\/p>\n","protected":false},"excerpt":{"rendered":"<p>&nbsp; Installare degli orologi temporizzatori \u00c8 pure importante valutare se si vuole illuminare per tutta la notte o si vuole limitare le emissioni agli orari necessari. Con una spesa minima di un timer o di un sensore di prossimit\u00e0 si pu\u00f2 limitare drasticamente le emissioni di luce. In alcuni casi \u00e8 assolutamente inutile illuminare tutta &hellip; <a href=\"https:\/\/www.darksky.ch\/dss\/it\/agire-adesso\/illuminare-corretamente\/limitazione-temporanea\/\" class=\"more-link\">Continue reading<span class=\"screen-reader-text\"> &#8220;Limitazione temporanea&#8221;<\/span><\/a><\/p>\n","protected":false},"author":10,"featured_media":0,"parent":236,"menu_order":4,"comment_status":"closed","ping_status":"closed","template":"","meta":{"_acf_changed":false,"footnotes":""},"class_list":["post-4915","page","type-page","status-publish","hentry"],"acf":[],"_links":{"self":[{"href":"https:\/\/www.darksky.ch\/dss\/it\/wp-json\/wp\/v2\/pages\/4915","targetHints":{"allow":["GET"]}}],"collection":[{"href":"https:\/\/www.darksky.ch\/dss\/it\/wp-json\/wp\/v2\/pages"}],"about":[{"href":"https:\/\/www.darksky.ch\/dss\/it\/wp-json\/wp\/v2\/types\/page"}],"author":[{"embeddable":true,"href":"https:\/\/www.darksky.ch\/dss\/it\/wp-json\/wp\/v2\/users\/10"}],"replies":[{"embeddable":true,"href":"https:\/\/www.darksky.ch\/dss\/it\/wp-json\/wp\/v2\/comments?post=4915"}],"version-history":[{"count":3,"href":"https:\/\/www.darksky.ch\/dss\/it\/wp-json\/wp\/v2\/pages\/4915\/revisions"}],"predecessor-version":[{"id":6440,"href":"https:\/\/www.darksky.ch\/dss\/it\/wp-json\/wp\/v2\/pages\/4915\/revisions\/6440"}],"up":[{"embeddable":true,"href":"https:\/\/www.darksky.ch\/dss\/it\/wp-json\/wp\/v2\/pages\/236"}],"wp:attachment":[{"href":"https:\/\/www.darksky.ch\/dss\/it\/wp-json\/wp\/v2\/media?parent=4915"}],"curies":[{"name":"wp","href":"https:\/\/api.w.org\/{rel}","templated":true}]}}