

{"id":5880,"date":"2016-06-16T20:22:53","date_gmt":"2016-06-16T18:22:53","guid":{"rendered":"http:\/\/www.darksky.ch\/dsx\/it\/?page_id=5880"},"modified":"2017-04-03T01:06:31","modified_gmt":"2017-04-02T23:06:31","slug":"la-luce","status":"publish","type":"page","link":"https:\/\/www.darksky.ch\/dss\/it\/da-sapere\/la-luce\/","title":{"rendered":"La luce"},"content":{"rendered":"<h3>Cos&#8217;\u00e8 la luce?<\/h3>\n<p>La luce \u00e8 una forma di energia. La trasmissione di questa energia avviene tramite radiazione.<\/p>\n<p>La luce \u00e8 solo una piccola parte dello spettro completo delle radiazioni, che va dalle onde corte dei raggi cosmici all&#8217;energia elettrica prodotta dagli esseri umani.<\/p>\n<p><img loading=\"lazy\" decoding=\"async\" class=\"alignleft wp-image-6393 size-large\" src=\"http:\/\/www.darksky.ch\/dss\/wp-content\/uploads\/2016\/06\/spettro_completo_italiano-1020x155.png\" alt=\"spettro completo \u00a9 Roland Bodenmann\" width=\"840\" height=\"128\" srcset=\"https:\/\/www.darksky.ch\/dss\/wp-content\/uploads\/2016\/06\/spettro_completo_italiano-1020x155.png 1020w, https:\/\/www.darksky.ch\/dss\/wp-content\/uploads\/2016\/06\/spettro_completo_italiano-300x46.png 300w, https:\/\/www.darksky.ch\/dss\/wp-content\/uploads\/2016\/06\/spettro_completo_italiano.png 1116w\" sizes=\"auto, (max-width: 709px) 85vw, (max-width: 909px) 67vw, (max-width: 1362px) 62vw, 840px\" \/><\/p>\n<p>&nbsp;<\/p>\n<p>L\u2019atmosfera terrestre consente l\u2019attraversamento di una gamma di radiazioni di luce limitata che varia dalla lunghezza d\u2019onda \u03bb = 100 nm (ultravioletto) fino a \u03bb = 1 mm (infrarosso).<\/p>\n<p>La gamma visibile all\u2019occhio umano (arcobaleno) si situa tra le lunghezze d\u2019onda di \u03bb = 380 a 780 nm, la lunghezza d\u2019onda che vediamo meglio e quella situata a \u03bb = 555 nm.<\/p>\n<p><img loading=\"lazy\" decoding=\"async\" class=\"alignleft size-large wp-image-6396\" src=\"http:\/\/www.darksky.ch\/dss\/wp-content\/uploads\/2016\/06\/Spettro_della_luce_italiano-1020x446.png\" alt=\"spettro_della_luce_italiano\" width=\"840\" height=\"367\" srcset=\"https:\/\/www.darksky.ch\/dss\/wp-content\/uploads\/2016\/06\/Spettro_della_luce_italiano-1020x446.png 1020w, https:\/\/www.darksky.ch\/dss\/wp-content\/uploads\/2016\/06\/Spettro_della_luce_italiano-300x131.png 300w, https:\/\/www.darksky.ch\/dss\/wp-content\/uploads\/2016\/06\/Spettro_della_luce_italiano.png 1090w\" sizes=\"auto, (max-width: 709px) 85vw, (max-width: 909px) 67vw, (max-width: 1362px) 62vw, 840px\" \/><\/p>\n<p>&nbsp;<\/p>\n<p>La luce bianca contiene molte o tutte le parti dello spettro, la luce colorata rappresenta invece solo una singola parte dello spettro.<\/p>\n<p><a href=\"http:\/\/www.darksky.ch\/dss\/wp-content\/uploads\/2016\/06\/Na_2000K.png\"><img loading=\"lazy\" decoding=\"async\" class=\"aligncenter wp-image-5276 size-full\" title=\"Spektrum Natriumdampf 2000K @ Roland Bodenmann\" src=\"http:\/\/www.darksky.ch\/dss\/wp-content\/uploads\/2016\/06\/Na_2000K.png\" alt=\"Natriumdampflampe Spektrum \u00a9 Netzwerk Licht\" width=\"620\" height=\"310\" srcset=\"https:\/\/www.darksky.ch\/dss\/wp-content\/uploads\/2016\/06\/Na_2000K.png 620w, https:\/\/www.darksky.ch\/dss\/wp-content\/uploads\/2016\/06\/Na_2000K-300x150.png 300w\" sizes=\"auto, (max-width: 620px) 85vw, 620px\" \/><\/a><\/p>\n<p>Lo spettro della luce prodotto da una lampada al sodio appare al nostro occhio di colore giallo-arancio. Temperatura del colore 2\u2019000K.<\/p>\n<p><a href=\"http:\/\/www.darksky.ch\/dss\/wp-content\/uploads\/2016\/06\/LED_2200K.png\"><img loading=\"lazy\" decoding=\"async\" class=\"aligncenter wp-image-5277 size-full\" title=\"Spektrum LED 2200K @ Roland Bodenmann\" src=\"http:\/\/www.darksky.ch\/dss\/wp-content\/uploads\/2016\/06\/LED_2200K.png\" alt=\"LED 2200K \u00a9 Netzwerk Licht\" width=\"620\" height=\"310\" srcset=\"https:\/\/www.darksky.ch\/dss\/wp-content\/uploads\/2016\/06\/LED_2200K.png 620w, https:\/\/www.darksky.ch\/dss\/wp-content\/uploads\/2016\/06\/LED_2200K-300x150.png 300w\" sizes=\"auto, (max-width: 620px) 85vw, 620px\" \/><\/a><\/p>\n<p>Lo spettro prodotto da questa lampada a LED appare al nostro occhio di colore bianco con un tono giallo chiaro. Temperatura del colore 2\u2019200K. Per definizione bianco caldo \u2248 3\u2019000K. La luce di questa lampada \u00e8 quindi un po\u2019 pi\u00f9 calda.<\/p>\n<p><a href=\"http:\/\/www.darksky.ch\/dss\/wp-content\/uploads\/2016\/06\/LED_5200K.png\"><img loading=\"lazy\" decoding=\"async\" class=\"aligncenter wp-image-5278 size-full\" title=\"Spektrum LED 5200K \u00a9 Roland Bodenmann\" src=\"http:\/\/www.darksky.ch\/dss\/wp-content\/uploads\/2016\/06\/LED_5200K.png\" alt=\"LED 5200K \u00a9 Netzwerk Licht\" width=\"620\" height=\"310\" srcset=\"https:\/\/www.darksky.ch\/dss\/wp-content\/uploads\/2016\/06\/LED_5200K.png 620w, https:\/\/www.darksky.ch\/dss\/wp-content\/uploads\/2016\/06\/LED_5200K-300x150.png 300w\" sizes=\"auto, (max-width: 620px) 85vw, 620px\" \/><\/a><\/p>\n<p>Lo spettro di una lampada LED bianco freddo appare al nostro occhio bianca, con una tonalit\u00e0 di blu abbagliante o sgargiante. Temperatura del colore 5\u2019200K.<\/p>\n<p>Le onde generate dalle sorgenti luminose d\u2019origine incandescente oscillano in tutte le direzioni. Quando la luce vibra solo su un piano, risulta completamente polarizzata. La luce si polarizza allorch\u00e9 interagisce con una superficie su cui si riflette o si disperde. Una polarizzazione naturale avviene quando la luce si riflette sulla superficie dell\u2019acqua o si disperde nel cielo. Questa luce viene utilizzata da alcuni animali per orientarsi (per esempio dalle api). Invece i fotografi utilizzano dei filtri speciali per sopprimere le luci polarizzate, in modo che il contrasto con il cielo o con le superfici lucide appaia pi\u00f9 bello.<\/p>\n<h4>Onde O Particelle?<\/h4>\n<p>Non\u00a0tutte le propriet\u00e0 della luce si possono spiegare considerandola un\u2019onda. Pertanto vi \u00e8 un\u2019altra interpretazione: la luce come particelle. Esse vengono emesse in quanti (un quanto di luce \u00e8 un pacchetto di particelle luminose di una certa frequenza o energia) che sono chiamati fotoni.<\/p>\n<p>Le particelle di luce, cio\u00e8 i fotoni, sono invisibili. Si possono vedere solo quando interagiscono con un ricettore (la retina, il chip di un sensore, una pellicola, della carta fotografica, della materia, un gas). Vale a dire che non possiamo vedere la luce in uno spazio vuoto e anche nell\u2019 aria\u00a0la vediamo solo quando si diffonde nell\u2019azoto o sull\u2019acqua oppure colpisce direttamente la\u00a0retina dell\u2019occhio.<\/p>\n<p>I fotoni viaggiano in modo rettilineo finch\u00e9 non colpiscono un ostacolo e interagiscono con esso. I raggi di luce sono diritti e non curvi. Secondo Albert Einstein c\u2019\u00e8 una sola eccezione: alla presenza di una grande massa (p.es. il nostro sole) i fotoni vengono deviati della forza di gravit\u00e0. \u00c8 possibile assegnare loro una massa relativistica anche se non hanno massa a riposo.<\/p>\n<p>La luce blu ha una lunghezza d\u2019onda bassa e una frequenza alta.<br \/>\nLa luce rossa ha una lunghezza d\u2019onda alta e una frequenza bassa.<br \/>\nLa luce blu ha di conseguenza pi\u00f9 energia di quella rossa.<\/p>\n<h3>Come misurare e confrontare la luce?<\/h3>\n<p>Chi vuole misurare la luce deve dunque catturare e contare i fotoni. Il chip di ogni macchina fotografica digitale (di solito CCD = Charged-Coupled Device) non fa altro che questo. Il principio \u00e8 quello di una cella fotovoltaica. Invece di trasformare direttamente la luce in elettricit\u00e0, memorizza gli elettroni e successivamente li recupera per ogni pixel. Una volta si utilizzavano le pellicole fotografiche analogiche per catturare i fotoni tramite una reazione chimica con gli ioni d\u2019argento.<\/p>\n<h4>Flusso LUminoso<\/h4>\n<p>Il flusso <strong>luminoso \u03a6<\/strong> \u00e8 il flusso radiante o la luce emessa da una sorgente luminosa e viene misurato in <strong>lumen [lm]<\/strong>. All&#8217;acquisto di una lampadina si trova l\u2019indicazione del valore in lumen sulla confezione.<\/p>\n<p><a href=\"http:\/\/www.darksky.ch\/dss\/wp-content\/uploads\/2016\/06\/Lichtstrom.png\"><img loading=\"lazy\" decoding=\"async\" class=\"aligncenter wp-image-5296 size-full\" title=\"Lichtstrom @ Roland Bodenmann\" src=\"http:\/\/www.darksky.ch\/dss\/wp-content\/uploads\/2016\/06\/Lichtstrom.png\" alt=\"lichtstrom\" width=\"255\" height=\"277\" \/><\/a><\/p>\n<h4>Intensit\u00e0 Luminosa<\/h4>\n<p><strong>L\u2019intensit\u00e0 luminosa<\/strong> di una sorgente puntiforme si misura in<strong> candela [cd]<\/strong>. La <strong>candela<\/strong> \u00e8 l\u2019unit\u00e0 di base del sistema SI.<\/p>\n<p><a href=\"http:\/\/www.darksky.ch\/dss\/wp-content\/uploads\/2016\/06\/Lichtstaerke.png\"><img loading=\"lazy\" decoding=\"async\" class=\"aligncenter wp-image-5297 size-full\" title=\"Lichtst\u00e4rke @ Roland Bodenmann\" src=\"http:\/\/www.darksky.ch\/dss\/wp-content\/uploads\/2016\/06\/Lichtstaerke.png\" alt=\"lichtstaerke\" width=\"370\" height=\"494\" srcset=\"https:\/\/www.darksky.ch\/dss\/wp-content\/uploads\/2016\/06\/Lichtstaerke.png 370w, https:\/\/www.darksky.ch\/dss\/wp-content\/uploads\/2016\/06\/Lichtstaerke-225x300.png 225w\" sizes=\"auto, (max-width: 370px) 85vw, 370px\" \/><\/a><\/p>\n<p>Se una fonte puntiforme irradia luce dell\u2019intensit\u00e0 di una candela (1 cd), in modo costante e entro l\u2019angolo solido di 1 steradiante[sr], vale a dire alla superficie di 1 metro quadrato su una sfera dal raggio di un metro, genera un flusso di luce pari a 1 lm che \u00e8 uguale a 1 cd.sr .<\/p>\n<h4>Illuminamento<\/h4>\n<p>Se un flusso luminoso viene intercettato dalla superficie piana A, l\u2019illuminamento E che si misura su detta superficie nell\u2019 unit\u00e0 di misura Lux [lx] si esprime con la formula: E = \u03a6 \/ A, [lm\/m2].<\/p>\n<p><a href=\"http:\/\/www.darksky.ch\/dss\/wp-content\/uploads\/2016\/06\/Beleuchtungsstaerke.png\"><img loading=\"lazy\" decoding=\"async\" class=\"aligncenter wp-image-5298 size-full\" title=\"Beleuchtungsst\u00e4rke @ Roland Bodenmann\" src=\"http:\/\/www.darksky.ch\/dss\/wp-content\/uploads\/2016\/06\/Beleuchtungsstaerke.png\" alt=\"beleuchtungsstaerke\" width=\"541\" height=\"329\" srcset=\"https:\/\/www.darksky.ch\/dss\/wp-content\/uploads\/2016\/06\/Beleuchtungsstaerke.png 541w, https:\/\/www.darksky.ch\/dss\/wp-content\/uploads\/2016\/06\/Beleuchtungsstaerke-300x182.png 300w\" sizes=\"auto, (max-width: 541px) 85vw, 541px\" \/><\/a><\/p>\n<p>Un luxmetro misura l\u2019illuminamento (in genere con un angolo di incidenza grande, fino a un massimo di 180\u00b0) ed \u00e8 utilizzato dai fotografi per misurare la luce che colpisce l\u2019oggetto da ritrarre.<\/p>\n<p>Spesso le norme applicate per la valutazione di requisiti o di immissioni richiedono valori espressi in Eh o Ev che si riferiscono rispettivamente all\u2019illuminamento su superfici orizzontali (per esempio passaggi pedonali) o verticali (per esempio la finestra di una camera).<\/p>\n<p>La luce che incide sulla superficie illuminata, quindi l\u2019illuminamento, non \u00e8 identica alla luce riflessa dal piano. Ad esempio: un campo da calcio ha un fattore di riflessione di circa 0.2, vale a dire solo un quinto dell\u2019illuminamento previsto nella norma risulta visibile sull\u2019erba.<\/p>\n<h4>Luminanza<\/h4>\n<p>Se vogliamo misurare quanta luce c\u2019\u00e8 su un piano (per esempio sul campo da calcio), cio\u00e8 la <strong>luminanza L<\/strong> del prato, usiamo l\u2019<strong>unit\u00e0 di misura<\/strong> [<strong>cd\/m2<\/strong>], quindi l\u2019<strong>intensit\u00e0 luminosa per area<\/strong>.<\/p>\n<p><a href=\"http:\/\/www.darksky.ch\/dss\/wp-content\/uploads\/2016\/06\/Leuchtdichte.png\"><img loading=\"lazy\" decoding=\"async\" class=\"aligncenter wp-image-5299 size-full\" title=\"Leuchtdichte @ Roland Bodenmann\" src=\"http:\/\/www.darksky.ch\/dss\/wp-content\/uploads\/2016\/06\/Leuchtdichte.png\" alt=\"leuchtdichte\" width=\"542\" height=\"313\" srcset=\"https:\/\/www.darksky.ch\/dss\/wp-content\/uploads\/2016\/06\/Leuchtdichte.png 542w, https:\/\/www.darksky.ch\/dss\/wp-content\/uploads\/2016\/06\/Leuchtdichte-300x173.png 300w\" sizes=\"auto, (max-width: 542px) 85vw, 542px\" \/><\/a><\/p>\n<p>Un luminanzometro pu\u00f2 misurare una fonte di luce diretta o riflettente all&#8217;interno di un angolo ridotto (1\u00b0). Ripetendo la misura, la precisione statistica aumenta. Bisogna escludere che estranea interferisca con la misurazione.<\/p>\n<p><strong>L\u2019efficienza di una sorgente luminosa viene indicata in lumen per watt [lm\/W].<\/strong> Questo valore indica unicamente la quantit\u00e0 di luce prodotta per rapporto alla quantit\u00e0 di energia elettrica prelevata da una presa. Maggiore efficienza non significa purtroppo automaticamente che una luce sia migliore per l\u2019ambiente. Significa solo che diminuisce l\u2019energia elettrica usata per produrla. Il miglioramento vale per il consumo di energia elettrica ma non per lo spettro, visto che la lampadina LED, bench\u00e9 pi\u00f9 efficiente, produce una luce blu, pi\u00f9 fredda.<\/p>\n<h3>La\u00a0visione (diurna) umana<\/h3>\n<p>L\u2019occhio umano sano possiede dei fotorecettori per diverse colorazioni di luce (rosso, verde, blu). I daltonici non hanno tutti i recettori, per questo vedono il mondo meno colorato e hanno difficolt\u00e0 distinguere certi colori.<\/p>\n<p>Anche un occhio sano per\u00f2, non vede tutti i colori dello spettro dell\u2019arcobaleno allo stesso modo.<\/p>\n<p><a href=\"http:\/\/www.darksky.ch\/dss\/wp-content\/uploads\/2016\/06\/Vlambda.png\"><img loading=\"lazy\" decoding=\"async\" class=\"aligncenter wp-image-5288 size-full\" title=\"Tagsehen Empfindlichkeitskurve @ Lukas Schuler\" src=\"http:\/\/www.darksky.ch\/dss\/wp-content\/uploads\/2016\/06\/Vlambda.png\" alt=\"vlambda\" width=\"806\" height=\"499\" srcset=\"https:\/\/www.darksky.ch\/dss\/wp-content\/uploads\/2016\/06\/Vlambda.png 806w, https:\/\/www.darksky.ch\/dss\/wp-content\/uploads\/2016\/06\/Vlambda-300x186.png 300w\" sizes=\"auto, (max-width: 806px) 85vw, 806px\" \/><\/a><\/p>\n<p>Il ricettore del verde \u00e8 pi\u00f9 sensibile dei ricettori del rosso e del blu. La maggior parte dell\u2019ambiente naturale che ci circonda e che per noi \u00e8 essenziale, \u00e8 di colore verde. Forse questa particolarit\u00e0 ci ha reso pi\u00f9 facile scoprire terra fertile e nutrimento vegetale.<\/p>\n<p>Gli strumenti di misurazione della luce impiegati nella tecnica di illuminazione e nella progettazione delle illuminazioni di regola sono calibrati in modo da rispettare la curva della sensibilit\u00e0 luminosa dell\u2019occhio umano.<\/p>\n<p>Altri sensori, per esempio i chip delle macchine fotografiche, spesso colgono ulteriori lunghezze d\u2019onda e includono anche la radiazione infrarossa (ad esempio dispositivi di visione notturna)<br \/>\nBisogna quindi assicurarsi sempre che i dati siano stati ottenuti correttamente, filtrati e confrontati.<\/p>\n<h3>Quando disturba la luce?<\/h3>\n<p><strong>In primo luogo quando colpisce l\u2019occhio direttamente (abbagliamento).<\/strong><br \/>\n<strong>In secondo luogo quando colpisce l\u2019occhio indirettamente (riflessione).<\/strong><\/p>\n<h4>ABBAGLIAMENTO<\/h4>\n<p>La visione viene percepita come sgradevole (abbagliamento psicologico) oppure la prestazione visiva \u00e8 irrimediabilmente ridotta (abbagliamento fisiologico). Le cause sono una distribuzione della luminanza sfavorevole o contrasti eccessivi.<\/p>\n<h4>Abbagliamento fisiologico<\/h4>\n<p><strong>L\u2019abbagliamento fisiologico<\/strong> riduce la funzione visiva senza che sia necessariamente accompagnata da una sensazione di disagio. Esempi estremi sono le lesioni oculari subite guardando direttamente la luce del sole o di un raggio laser che irreparabilmente danneggiano la retina e provocano una perdita misurabile di capacit\u00e0 visiva.<\/p>\n<h4>Abbagliamento psicologico<\/h4>\n<p><strong>L\u2019abbagliamento psicologico<\/strong> provoca una sensazione sgradevole, senza che questo comporti direttamente una diminuzione misurabile della funzione visiva.<\/p>\n<p>Tuttavia, il problema di fondo \u00e8 il forte contrasto provocato da differenti livelli di luminanza che provoca un\u2019eccessiva stimolazione dei ricettori della retina e produce immagini residue. Tutte le persone che hanno guardato, anche per caso, direttamente il sole, anche dopo aver chiuso le palpebre continuano per un po\u2019 a vedere un\u2019immagine residua del sole di diversi colori che poi svanisce.<\/p>\n<h4>Riflessione Velata<\/h4>\n<p>Superfici riflettenti possono talvolta provocare un abbagliamento indesiderato, al punto che l\u2019oggetto riflettente non pu\u00f2 essere del tutto riconosciuto.<\/p>\n<p>Un altro problema \u00e8 l\u2019abbagliamento dovuto ai veicoli che ci vengono incontro di notte. Se la visione di un automobilista \u00e8 pregiudicata, la <strong>sicurezza del traffico<\/strong> \u00e8 in pericolo.<\/p>\n<p><strong>La luce disturba il sonno<\/strong> poich\u00e9 per un sonno sano abbiamo bisogno di un ambiente completamente buio. La maggior parte delle lamentele che arrivano a Dark-Sky sono dovute a un disturbo che riguarda la camera da letto. L\u00ec ne va di mezzo la salute e ci tocca pi\u00f9 da vicino.<\/p>\n<p>Sia per quanto riguarda <strong>l\u2019abbagliamento (riflesso pupillare)<\/strong> che per il <strong>sonno (orologio biologico)<\/strong>, gli <strong>esseri umani<\/strong> e<strong> i mammiferi sono sensibili alla luce blu.<\/strong><\/p>\n<p>Gli animali notturni si orientano maggiormente con la luce blu, perch\u00e9 corrisponde maggiormente al buio naturale (il cielo, la luna e le stelle).<br \/>\nInoltre la luce blu si disperde maggiormente nell\u2019atmosfera (di giorno il cielo appare blu).<br \/>\n.<\/p>\n<p><strong>La luce blu disturba per molti aspetti di pi\u00f9 della luce rossa.<\/strong><\/p>\n<p>Tuttavia \u00e8 possibile che altri organismi, con una capacit\u00e0 visiva diversa, reagiscano in modo diverso alla luce. Per esempio le femmine di lucciola si ascendono di colore giallo-verdastro poich\u00e9 i maschi sono attratti soprattutto da una luce verde a bassa intensit\u00e0 mentre evitano i luoghi molto illuminati, dove non riescono pi\u00f9 ad avvistare le femmine (vedi <a href=\"http:\/\/www.gluehwuermchen.ch\/archiv\/infoschweiz\/pool_beob_gwp\/2016_floodlight_glowworm_lusti_ineichen.pdf\">Ineichen, Lusti 2016<\/a>, in tedesco).<\/p>\n<p><em>Dark-Sky Switzerland: Pertanto spegnere, dunque evitare la luce nel luogo sbagliato al momento sbagliato, \u00e8 la soluzione migliore e la pi\u00f9 semplice per risolvere il problema dell\u2019inquinamento luminoso.<\/em><\/p>\n<p>&nbsp;<\/p>\n<p>Ringraziamo Roland Bodenmann, membro del nostro comitato \u00abNetzwerk Licht\u00bb, per i grafici e i dati che sono alla base di questa pagina.<\/p>\n<p>&nbsp;<\/p>\n","protected":false},"excerpt":{"rendered":"<p>Cos&#8217;\u00e8 la luce? La luce \u00e8 una forma di energia. La trasmissione di questa energia avviene tramite radiazione. La luce \u00e8 solo una piccola parte dello spettro completo delle radiazioni, che va dalle onde corte dei raggi cosmici all&#8217;energia elettrica prodotta dagli esseri umani. &nbsp; L\u2019atmosfera terrestre consente l\u2019attraversamento di una gamma di radiazioni di &hellip; <a href=\"https:\/\/www.darksky.ch\/dss\/it\/da-sapere\/la-luce\/\" class=\"more-link\">Continue reading<span class=\"screen-reader-text\"> &#8220;La luce&#8221;<\/span><\/a><\/p>\n","protected":false},"author":10,"featured_media":0,"parent":262,"menu_order":0,"comment_status":"closed","ping_status":"closed","template":"","meta":{"_acf_changed":false,"footnotes":""},"class_list":["post-5880","page","type-page","status-publish","hentry"],"acf":[],"_links":{"self":[{"href":"https:\/\/www.darksky.ch\/dss\/it\/wp-json\/wp\/v2\/pages\/5880","targetHints":{"allow":["GET"]}}],"collection":[{"href":"https:\/\/www.darksky.ch\/dss\/it\/wp-json\/wp\/v2\/pages"}],"about":[{"href":"https:\/\/www.darksky.ch\/dss\/it\/wp-json\/wp\/v2\/types\/page"}],"author":[{"embeddable":true,"href":"https:\/\/www.darksky.ch\/dss\/it\/wp-json\/wp\/v2\/users\/10"}],"replies":[{"embeddable":true,"href":"https:\/\/www.darksky.ch\/dss\/it\/wp-json\/wp\/v2\/comments?post=5880"}],"version-history":[{"count":55,"href":"https:\/\/www.darksky.ch\/dss\/it\/wp-json\/wp\/v2\/pages\/5880\/revisions"}],"predecessor-version":[{"id":6997,"href":"https:\/\/www.darksky.ch\/dss\/it\/wp-json\/wp\/v2\/pages\/5880\/revisions\/6997"}],"up":[{"embeddable":true,"href":"https:\/\/www.darksky.ch\/dss\/it\/wp-json\/wp\/v2\/pages\/262"}],"wp:attachment":[{"href":"https:\/\/www.darksky.ch\/dss\/it\/wp-json\/wp\/v2\/media?parent=5880"}],"curies":[{"name":"wp","href":"https:\/\/api.w.org\/{rel}","templated":true}]}}