

{"id":6924,"date":"2016-08-29T16:52:51","date_gmt":"2016-08-29T14:52:51","guid":{"rendered":"http:\/\/www.darksky.ch\/dsx\/dark-sky-switzerland\/comitato\/lukas-schuler\/"},"modified":"2017-03-27T14:35:37","modified_gmt":"2017-03-27T12:35:37","slug":"lukas-schuler","status":"publish","type":"page","link":"https:\/\/www.darksky.ch\/dss\/it\/darksky-switzerland\/comitato\/lukas-schuler\/","title":{"rendered":"Lukas Schuler"},"content":{"rendered":"<figure id=\"attachment_401\" aria-describedby=\"caption-attachment-401\" style=\"width: 300px\" class=\"wp-caption alignright\"><img loading=\"lazy\" decoding=\"async\" class=\"wp-image-401 size-medium\" src=\"http:\/\/www.darksky.ch\/dss\/wp-content\/uploads\/2016\/08\/Lukas_Schuler-300x300.jpg\" alt=\"Lukas_Schuler\" width=\"300\" height=\"300\" srcset=\"https:\/\/www.darksky.ch\/dss\/wp-content\/uploads\/2016\/08\/Lukas_Schuler-300x300.jpg 300w, https:\/\/www.darksky.ch\/dss\/wp-content\/uploads\/2016\/08\/Lukas_Schuler-150x150.jpg 150w, https:\/\/www.darksky.ch\/dss\/wp-content\/uploads\/2016\/08\/Lukas_Schuler.jpg 533w\" sizes=\"auto, (max-width: 300px) 85vw, 300px\" \/><figcaption id=\"caption-attachment-401\" class=\"wp-caption-text\">Lukas Schuler<\/figcaption><\/figure>\n<p>Socio fin dai primi anni di vita di Dark-Sky Switzerland, in seguito collaboratore e membro del comitato, Lukas Schuler ne \u00e8 il presidente onorario dal 2013.<\/p>\n<p>Lukas Schuler \u00e8 un accanito sostenitore della norma SIA 491 e come presidente ne ha fatto il punto di riferimento per il lavoro di Dark-Sky Switzerland nel dibattito per un impiego ragionevole di luce all\u2019esterno. Ha un approccio realistico al tema e nei rapporti con i media e con le autorit\u00e0 si rif\u00e0 ai dati ricavati dalle misurazioni e dalla comunit\u00e0 scientifica.<\/p>\n<p>Grazie ai suoi studi di biochimica, alla sua attivit\u00e0 di insegnante di chimica e al dottorato in fisica della chimica ha sviluppato le sue capacit\u00e0 analitiche e le sue conoscenze didattiche e teoriche.<br \/>\n\u00c8 diventato imprenditore fondando la Xirrus s.r.l. che si occupa di chimica ____________ . La ditta si occupa, oltre allo sviluppo di un proprio software, di ricerca dietro incarico su miscele complesse, integrazione delle superfici e limiti di resistenza, dalle lenzuola ai cosmetici fino alle nanotecnologie.<\/p>\n<p>Grazie a questa sua attivit\u00e0 ha grande dimestichezza con presentazioni e ricerche, calcoli statistici e pubblicazioni scientifiche.<\/p>\n","protected":false},"excerpt":{"rendered":"<p>Socio fin dai primi anni di vita di Dark-Sky Switzerland, in seguito collaboratore e membro del comitato, Lukas Schuler ne \u00e8 il presidente onorario dal 2013. Lukas Schuler \u00e8 un accanito sostenitore della norma SIA 491 e come presidente ne ha fatto il punto di riferimento per il lavoro di Dark-Sky Switzerland nel dibattito per &hellip; <a href=\"https:\/\/www.darksky.ch\/dss\/it\/darksky-switzerland\/comitato\/lukas-schuler\/\" class=\"more-link\">Continue reading<span class=\"screen-reader-text\"> &#8220;Lukas Schuler&#8221;<\/span><\/a><\/p>\n","protected":false},"author":2,"featured_media":0,"parent":184,"menu_order":0,"comment_status":"closed","ping_status":"closed","template":"","meta":{"_acf_changed":false,"footnotes":""},"class_list":["post-6924","page","type-page","status-publish","hentry"],"acf":[],"_links":{"self":[{"href":"https:\/\/www.darksky.ch\/dss\/it\/wp-json\/wp\/v2\/pages\/6924","targetHints":{"allow":["GET"]}}],"collection":[{"href":"https:\/\/www.darksky.ch\/dss\/it\/wp-json\/wp\/v2\/pages"}],"about":[{"href":"https:\/\/www.darksky.ch\/dss\/it\/wp-json\/wp\/v2\/types\/page"}],"author":[{"embeddable":true,"href":"https:\/\/www.darksky.ch\/dss\/it\/wp-json\/wp\/v2\/users\/2"}],"replies":[{"embeddable":true,"href":"https:\/\/www.darksky.ch\/dss\/it\/wp-json\/wp\/v2\/comments?post=6924"}],"version-history":[{"count":2,"href":"https:\/\/www.darksky.ch\/dss\/it\/wp-json\/wp\/v2\/pages\/6924\/revisions"}],"predecessor-version":[{"id":6926,"href":"https:\/\/www.darksky.ch\/dss\/it\/wp-json\/wp\/v2\/pages\/6924\/revisions\/6926"}],"up":[{"embeddable":true,"href":"https:\/\/www.darksky.ch\/dss\/it\/wp-json\/wp\/v2\/pages\/184"}],"wp:attachment":[{"href":"https:\/\/www.darksky.ch\/dss\/it\/wp-json\/wp\/v2\/media?parent=6924"}],"curies":[{"name":"wp","href":"https:\/\/api.w.org\/{rel}","templated":true}]}}