

{"id":6931,"date":"2016-08-30T12:05:31","date_gmt":"2016-08-30T10:05:31","guid":{"rendered":"http:\/\/www.darksky.ch\/dsx\/dark-sky-switzerland\/comitato\/kurt-wirth\/"},"modified":"2017-03-27T14:40:24","modified_gmt":"2017-03-27T12:40:24","slug":"kurt-wirth","status":"publish","type":"page","link":"https:\/\/www.darksky.ch\/dss\/it\/darksky-switzerland\/comitato\/kurt-wirth\/","title":{"rendered":"Kurt Wirth"},"content":{"rendered":"<figure id=\"attachment_404\" aria-describedby=\"caption-attachment-404\" style=\"width: 300px\" class=\"wp-caption alignright\"><img loading=\"lazy\" decoding=\"async\" class=\"size-medium wp-image-404\" src=\"http:\/\/www.darksky.ch\/dss\/wp-content\/uploads\/2016\/08\/Kurt_Wirth-300x300.jpg\" alt=\"Kurt Wirth\" width=\"300\" height=\"300\" srcset=\"https:\/\/www.darksky.ch\/dss\/wp-content\/uploads\/2016\/08\/Kurt_Wirth-300x300.jpg 300w, https:\/\/www.darksky.ch\/dss\/wp-content\/uploads\/2016\/08\/Kurt_Wirth-150x150.jpg 150w, https:\/\/www.darksky.ch\/dss\/wp-content\/uploads\/2016\/08\/Kurt_Wirth.jpg 533w\" sizes=\"auto, (max-width: 300px) 85vw, 300px\" \/><figcaption id=\"caption-attachment-404\" class=\"wp-caption-text\">Kurt Wirth<\/figcaption><\/figure>\n<p>Kurt Wirth (classe 1958) \u00e8 progettista di impianti elettrici, ramo a cui \u00e8 rimasto fedele dalla fine della formazione ad oggi. Inoltre \u00e8 formatore per adulti diplomato e abilitato al controllo privato di impianti luminosi. In questo modo pu\u00f2 trasmettere il suo sapere sulla protezione del cielo notturno.<br \/>\nKurt Wirth entra in contatto con Dark-Sky Switzerland in occasione del suo lavoro di progettista dell\u2019illuminazione esterna per EXPO.02 a Bienne. Un artista francese aveva delle idee originali, la cui realizzazione per\u00f2 comportava anche l\u2019illuminazione a giorno della sua opera durante la notte. Grazie all\u2019intervento di Dark-Sky Switzerland, la direzione dell\u2019EXPO si lasci\u00f2 convincere a rivedere questo progetto. Alla fine restarono illuminate solo le famose torri sonore.<\/p>\n<p>Kurt Wirth si impegna affinch\u00e9 nel suo comune, Geroldswil, e nel resto della valle della Limmat, le immissioni di luce siano ridotte. I suoi interventi all\u2019assemblea comunale e presso diverse ditte private nonch\u00e9 i suoi suggerimenti per l\u2019illuminazione del nuovo campo sportivo sono stati coronati da successo.<\/p>\n","protected":false},"excerpt":{"rendered":"<p>Kurt Wirth (classe 1958) \u00e8 progettista di impianti elettrici, ramo a cui \u00e8 rimasto fedele dalla fine della formazione ad oggi. Inoltre \u00e8 formatore per adulti diplomato e abilitato al controllo privato di impianti luminosi. In questo modo pu\u00f2 trasmettere il suo sapere sulla protezione del cielo notturno. Kurt Wirth entra in contatto con Dark-Sky &hellip; <a href=\"https:\/\/www.darksky.ch\/dss\/it\/darksky-switzerland\/comitato\/kurt-wirth\/\" class=\"more-link\">Continue reading<span class=\"screen-reader-text\"> &#8220;Kurt Wirth&#8221;<\/span><\/a><\/p>\n","protected":false},"author":2,"featured_media":0,"parent":184,"menu_order":3,"comment_status":"closed","ping_status":"closed","template":"","meta":{"_acf_changed":false,"footnotes":""},"class_list":["post-6931","page","type-page","status-publish","hentry"],"acf":[],"_links":{"self":[{"href":"https:\/\/www.darksky.ch\/dss\/it\/wp-json\/wp\/v2\/pages\/6931","targetHints":{"allow":["GET"]}}],"collection":[{"href":"https:\/\/www.darksky.ch\/dss\/it\/wp-json\/wp\/v2\/pages"}],"about":[{"href":"https:\/\/www.darksky.ch\/dss\/it\/wp-json\/wp\/v2\/types\/page"}],"author":[{"embeddable":true,"href":"https:\/\/www.darksky.ch\/dss\/it\/wp-json\/wp\/v2\/users\/2"}],"replies":[{"embeddable":true,"href":"https:\/\/www.darksky.ch\/dss\/it\/wp-json\/wp\/v2\/comments?post=6931"}],"version-history":[{"count":1,"href":"https:\/\/www.darksky.ch\/dss\/it\/wp-json\/wp\/v2\/pages\/6931\/revisions"}],"predecessor-version":[{"id":6932,"href":"https:\/\/www.darksky.ch\/dss\/it\/wp-json\/wp\/v2\/pages\/6931\/revisions\/6932"}],"up":[{"embeddable":true,"href":"https:\/\/www.darksky.ch\/dss\/it\/wp-json\/wp\/v2\/pages\/184"}],"wp:attachment":[{"href":"https:\/\/www.darksky.ch\/dss\/it\/wp-json\/wp\/v2\/media?parent=6931"}],"curies":[{"name":"wp","href":"https:\/\/api.w.org\/{rel}","templated":true}]}}